{"id":215352,"date":"2018-07-03T13:25:17","date_gmt":"2018-07-03T20:25:17","guid":{"rendered":"https:\/\/www.healthywork.org\/?page_id=215352"},"modified":"2018-12-13T17:50:54","modified_gmt":"2018-12-14T00:50:54","slug":"share-your-story","status":"publish","type":"page","link":"https:\/\/www.healthywork.org\/es\/take-action\/share-your-story\/","title":{"rendered":"Comparte tu historia"},"content":{"rendered":"<p>[et_pb_section bb_built=&#8221;1&#8243; _builder_version=&#8221;3.17.2&#8243; custom_margin=&#8221;||0px|&#8221; custom_padding=&#8221;||0px|&#8221;][et_pb_row][et_pb_column type=&#8221;4_4&#8243;][et_pb_popup_builder admin_label=&#8221;Share Your Story Terms &amp; Conditions (Modal\/Popup)&#8221; _builder_version=&#8221;3.17.6&#8243; popup_source=&#8221;content_editor&#8221; divi_layout=&#8221;667&#8243; trigger_condition=&#8221;class_id&#8221; trigger_class_id=&#8221;.share-terms-link&#8221; trigger_button_align=&#8221;left&#8221; modal_style=&#8221;1&#8243; background_color_gradient_type=&#8221;linear&#8221; background_color_gradient_direction=&#8221;1px&#8221; background_color_gradient_direction_radial=&#8221;center&#8221; background_color_gradient_overlays_image=&#8221;off&#8221; text_font_size_tablet=&#8221;51&#8243; text_line_height_tablet=&#8221;2&#8243; custom_padding=&#8221;|25px||25px&#8221; border_color_all=&#8221;#4697e0&#8243; module_id=&#8221;share-your-story-terms-popup&#8221; modal_width=&#8221;95%&#8221; modal_height=&#8221;95%&#8221;]<\/p>\n<h4 style=\"text-align: center; margin-top: 15px; font-weight: bold;\">Share Your Story \u2013&nbsp;Terms and Conditions<\/h4>\n<p style=\"text-align: center;\">\u00bfHablas espa\u00f1ol? Lee una traducci\u00f3n de esta p\u00e1gina <a href=\"\/comparte-tu-historia\/#haga-clic-para-abrir\">aqu\u00ed<\/a>.<\/p>\n<p><strong><u>Age Requirement:<\/u><\/strong> By submitting to the <a href=\"https:\/\/goo.gl\/forms\/zGvFO1X9nHcSWari2\" target=\"_blank\" rel=\"noopener\">&#8220;Share Your Story&#8221; form<\/a>, you verify that you are at least 16 years old.<\/p>\n<p><strong><u>Privacy<\/u><\/strong><strong>:<\/strong> We will never publicly use your personal information provided in the \u201cShare Your Story\u201d form <strong><u>except<\/u><\/strong> your first name, occupation and U.S. state <strong><u>if<\/u><\/strong> you choose to share those personal identifiers with us. If you choose to provide us with other detailed info, such as your last name, we will never publish those items on our website, in our articles, or elsewhere without your express written consent.<\/p>\n<p>Your safety and well-being are our first concern. If providing your full name or likeness (photo\/portrait) would in any way risk either, please do not share them. If you want to share your story, but prefer to go by a pseudonym for added security, please specify that, and we will keep your full name confidential. Or you can elect not to provide your first and last name at all.<\/p>\n<p><strong><u>Legal limitations<\/u><\/strong><strong>: <\/strong>We suggest that you not publicly share any information (such as your current employer\u2019s name) that would compromise you in any way. If you choose to do so, please be aware that you do so at your own risk. Also, please do not disclose the names of your coworkers, friends, or family without their permission.<\/p>\n<p><strong><u>Photos<\/u><\/strong><strong>:<\/strong> We welcome you, if you wish, to provide a scene from your work (which you have permission to share) or photo of your face to stand up for #healthywork. However, we are required, by law and good conscience, to ask you not share any pictures depicting violence, nudity or other content inappropriate for children and youth.<\/p>\n<p><strong><u>Media Release<\/u><\/strong><strong>:<\/strong> We will require you to sign an additional release form granting your approval to use your story in any media recording of your story for published podcasts, short videos, or long-form documentary films.<\/p>\n<p><strong><u>Consent<\/u>:<\/strong> By submitting to the <a href=\"https:\/\/goo.gl\/forms\/zGvFO1X9nHcSWari2\" target=\"_blank\" rel=\"noopener\">&#8220;Share Your Story&#8221; form<\/a>, you verify that all the information and content you provide is true and accurate.<\/p>\n<p><strong>If you submit your story<\/strong> to our <a href=\"https:\/\/goo.gl\/forms\/zGvFO1X9nHcSWari2\" target=\"_blank\" rel=\"noopener\">\u201cShare Your Story\u201d form<\/a>, <strong>you accept<\/strong> the <a href=\"https:\/\/www.healthywork.org\/terms\/\">terms and conditions of HealthyWork.org<\/a>, especially this page, <strong>and consent<\/strong> that the Healthy Work Campaign, the Center for Social Epidemiology (its parent non-profit organization), and all its trusted successors and assigns, can use your story and name (to the degree you have specified in the form), in perpetuity, on HealthyWork.org, in the promotion of our \u201cShare Your Story\u201d page (or its equivalent if\/when renamed) on our social media channels, and anonymously in our <em>Healthy Work Now<\/em> articles.<\/p>\n<p style=\"text-align: center;\"><strong><a href=\"https:\/\/www.healthywork.org\/wp-content\/uploads\/2018\/12\/HWC-Website-Page-Content-Take-Action-Share-Your-Story-Terms-Conditions-PDF-Download-v2-121018.pdf\" target=\"blank\">Print &amp; Save<\/a> this page for your records.<\/strong><\/p>\n<p>[\/et_pb_popup_builder][et_pb_text _builder_version=&#8221;3.17.6&#8243;]<\/p>\n<h2 style=\"margin-top: 30px;\" class=\"entry-title main_title custom-page-title-divibuilder\">Share Your Story<\/h2>\n<p style=\"text-align: center;\">\u00bfHablas espa\u00f1ol? Lee una traducci\u00f3n de esta p\u00e1gina <a href=\"https:\/\/www.healthywork.org\/comparte-tu-historia\/\">aqu\u00ed<\/a>.<\/p>\n<h4>Work stories: we all have one. <span style=\"font-weight: 300;\">What\u2019s yours?<\/span><\/h4>\n<p><img decoding=\"async\" id=\"share-story-eng-image-1\" src=\"\/wp-content\/uploads\/2018\/12\/WOE_-BigMoney_10_19_100918-900px-b.jpg\"><\/p>\n<p>Have you ever had a job or an experience at work that you would describe as \u201cstressful\u201d or \u201ctoxic\u201d or that may have negatively affected your health and well-being? Or maybe you had an experience with healthy, engaging work, or you were part of workplace change that achieved \u201chealthier work\u201d policies or practices that you would like to share.<\/p>\n<h4 class=\"work-stories-subheadline-desktop\">Read Work Stories <a class=\"headline-link\" href=\"https:\/\/www.healthywork.org\/resources\/your-work-stories\/\">here<\/a>!<\/h4>\n<div class=\"work-stories-page-button for-individuals-button-right hw-tools-individuals-page-button-right\"><a class=\"et_pb_button et_pb_module et_pb_button_0 et_pb_bg_layout_dark\" href=\"\/resources\/your-work-stories\/\">Read Work Stories<\/a><\/div>\n<p>The Healthy Work Campaign is looking for <strong>your stories<\/strong> <strong>about work<\/strong> to share on the HWC website (and potentially for use in <a href=\"\/resources\/media\/\">our multimedia content<\/a> and <a href=\"\/resources\/woe-documentary\/\">feature-length documentary<\/a>)<strong>. <\/strong>You are welcome to submit stories<strong> anonymously<\/strong> or using a pseudonym. Your stories will help us all <a href=\"https:\/\/www.healthywork.org\/resources\/\">LEARN<\/a> what healthy and unhealthy work looks like in different types of jobs throughout the U.S. <strong>Please write a paragraph or two<\/strong> about your work-related experiences.<\/p>\n<h4 class=\"clearfix work-stories-subheadline-desktop\">Add Your Voice &amp; Share Your Story&nbsp;<a class=\"headline-link\" href=\"https:\/\/goo.gl\/forms\/zGvFO1X9nHcSWari2\" target=\"_blank\" rel=\"noopener\">here<\/a>!<\/h4>\n<div class=\"work-stories-page-button for-individuals-button-right hw-tools-individuals-page-button-right\"><a class=\"et_pb_button et_pb_module et_pb_button_0 et_pb_bg_layout_dark\" href=\"https:\/\/goo.gl\/forms\/zGvFO1X9nHcSWari2\" target=\"_blank\">Add Your Voice &amp; Share Your Story<\/a><\/div>\n<p>By sharing your stories, you are adding your voice to inspire others to <a class=\"headline-link\" href=\"https:\/\/www.healthywork.org\/take-action\/\">TAKE ACTION<\/a>.<\/p>\n<p><strong><em>Please note<\/em><\/strong> that submitting your story is not a guarantee we will publish your story in part or in full.<\/p>\n<h4 class=\"work-stories-subheadline-desktop\">\u201cShare Your Story&#8221; Terms &amp; Conditions<em> (<a id=\"share-story-terms\" class=\"share-terms-link headline-link\" href=\"#1\">click to open<\/a>)<\/em><\/h4>\n<div class=\"work-stories-page-button for-individuals-button-right hw-tools-individuals-page-button-right\"><a class=\"share-terms-link et_pb_button et_pb_module et_pb_button_0 et_pb_bg_layout_dark\" href=\"#1\">Read Terms &amp; Conditions<\/a><\/div>\n<p>Thank you for visiting our website, taking the time to read through these terms, and sharing your work story. We understand that sharing your work stories may not be easy for some. But your diverse work stories and perspectives will contribute to spreading awareness about the impact of unhealthy work and how it affects so many of us.<\/p>\n<p>Read more on our <a href=\"https:\/\/www.healthywork.org\/take-action\/\">TAKE ACTION<\/a> page for other ways you can stand for #healthywork. Thanks again!<\/p>\n<p>[\/et_pb_text][\/et_pb_column][\/et_pb_row][\/et_pb_section]<\/p>\n","protected":false},"excerpt":{"rendered":"<p><div class=\"et_pb_row et_pb_row_0 et_pb_row_empty\">\n\t\t\t\t\n\t\t\t\t\n\t\t\t\t\n\t\t\t\t\n\t\t\t\t\n\t\t\t<\/div>[et_pb_popup_builder admin_label=&#8221;Share Your Story Terms &amp; Conditions (Modal\/Popup)&#8221; _builder_version=&#8221;3.17.6&#8243; popup_source=&#8221;content_editor&#8221; divi_layout=&#8221;667&#8243; trigger_condition=&#8221;class_id&#8221; trigger_class_id=&#8221;.share-terms-link&#8221; trigger_button_align=&#8221;left&#8221; modal_style=&#8221;1&#8243; background_color_gradient_type=&#8221;linear&#8221; background_color_gradient_direction=&#8221;1px&#8221; background_color_gradient_direction_radial=&#8221;center&#8221; background_color_gradient_overlays_image=&#8221;off&#8221; text_font_size_tablet=&#8221;51&#8243; text_line_height_tablet=&#8221;2&#8243; custom_padding=&#8221;|25px||25px&#8221; border_color_all=&#8221;#4697e0&#8243; module_id=&#8221;share-your-story-terms-popup&#8221; modal_width=&#8221;95%&#8221; modal_height=&#8221;95%&#8221;] Share Your Story \u2013&nbsp;Terms and Conditions\u00bfHablas espa\u00f1ol? Lee una traducci\u00f3n de esta p\u00e1gina aqu\u00ed.Age Requirement: By submitting to the &#8220;Share Your Story&#8221; form, you verify that you are at [&hellip;]<\/p>\n","protected":false},"author":2,"featured_media":0,"parent":214604,"menu_order":0,"comment_status":"closed","ping_status":"closed","template":"","meta":{"_et_pb_use_builder":"on","_et_pb_old_content":"<p><strong>Work stories: we all have one. <\/strong>What\u2019s yours? Have you ever had a job or an experience at work that you would describe as \u201cstressful\u201d or \u201ctoxic\u201d or that may have negatively affected your health and well-being? Or maybe you had an experience with healthy, engaging work, or you were part of workplace change that achieved \u201chealthier work\u201d policies or practices that you would like to share.<\/p><p>\u00a0<\/p><h4 style=\"margin-top: 0; text-align: center;\">READ WORK STORIES <a class=\"headline-link\" href=\"https:\/\/www.healthywork.org\/resources\/healthy-work-stories\/\">here<\/a>!<\/h4><p>\u00a0<\/p><p>The Healthy Work Campaign is looking for <strong>your stories<\/strong> <strong>about work<\/strong> to share on the HWC website (and potentially for use in <a href=\"http:\/\/media\">our multimedia content<\/a> and <a href=\"https:\/\/www.healthywork.org\/resources\/woe-documentary\/\">feature-length documentary<\/a>)<strong>. <\/strong>You are welcome to submit stories<strong> anonymously<\/strong> or using a pseudonym. Your stories will help us all <a href=\"https:\/\/www.healthywork.org\/resources\/\">LEARN<\/a> what healthy and unhealthy work looks like in different types of jobs throughout the U.S. <strong>Please write a paragraph or two<\/strong> about your work-related experiences.<\/p><p>By sharing your stories, you are adding your voice to inspire others to <a class=\"headline-link\" href=\"https:\/\/www.healthywork.org\/take-action\/\">TAKE ACTION<\/a>.<\/p><p>\u00a0<\/p><h4 style=\"margin-top: 0; text-align: center;\">ADD YOUR VOICE & SHARE YOUR STORY <a class=\"headline-link\" href=\"https:\/\/goo.gl\/forms\/jDVlDfsGDXkxMrAy2\" target=\"_blank\" rel=\"noopener\">here<\/a>!<\/h4><p>\u00a0<\/p><p><strong><em>If you would like to share your story<\/em><\/strong><em>, please carefully consider the risks before disclosing your name and the name of your company or organization. Also, please do not disclose the names of your coworkers, friends, or family without their permission.<\/em><em>\u00a0<\/em><\/p><p><strong><em>Please note<\/em><\/strong><em> that submitting your story is not a guarantee we will publish your story in part or in full. Also, submitting a story gives us permission to publish your story (or an excerpt) anonymously in one of our <a href=\"https:\/\/www.healthywork.org\/resources\/healthy-work-articles\/\">Healthy Work Articles<\/a> (on Medium). <\/em><\/p><p><strong><em>If you elect to provide your full name<\/em><\/strong><em>, we will need your formal consent for any use of submitted materials beyond the HWC website and our social channels like Medium, Facebook, Twitter and LinkedIn.<\/em><\/p><p>\u00a0<\/p><h4 style=\"margin-top: 0; text-align: center;\">\u201cSHARE YOUR STORY\u201d Terms & Conditions<em> (<a class=\"headline-link\" href=\"#1\">click to open<\/a>)<\/em><\/h4><p>\u00a0<\/p><p><strong>If you submit your story <\/strong>to our <u><a href=\"https:\/\/goo.gl\/forms\/jDVlDfsGDXkxMrAy2\" target=\"_blank\" rel=\"noopener\">\u201cShare Your Story\u201d form<\/a><\/u>, <strong>you consent<\/strong> that the Healthy Work Campaign, the Center for Social Epidemiology (its parent non-profit organization), and all its trusted successors and assigns can use your story and name (to the degree you have specified in the form), in perpetuity, on HealthyWorkCampaign.org, in the promotion of our \u201cShare Your Story\u201d page (or its equivalent if\/when renamed) on our social media channels, and in our <em>Healthy Work Now<\/em> articles.<\/p><p>\u00bfHablas espa\u00f1ol? Lee una traducci\u00f3n de esta p\u00e1gina aqu\u00ed.<\/p><p>Thank you for visiting our website, taking the time to read through these terms, and sharing your work story. We understand that sharing your work stories may not be easy for some. But your diverse work stories and perspectives will contribute to spreading awareness about the impact of unhealthy work and how it affects so many of us.<\/p><p>Read more on our <a href=\"https:\/\/www.healthywork.org\/take-action\/\">TAKE ACTION<\/a> page for other ways you can stand for #healthywork. Thanks again!<\/p>","_et_gb_content_width":"","footnotes":""},"class_list":["post-215352","page","type-page","status-publish","hentry"],"_links":{"self":[{"href":"https:\/\/www.healthywork.org\/es\/wp-json\/wp\/v2\/pages\/215352","targetHints":{"allow":["GET"]}}],"collection":[{"href":"https:\/\/www.healthywork.org\/es\/wp-json\/wp\/v2\/pages"}],"about":[{"href":"https:\/\/www.healthywork.org\/es\/wp-json\/wp\/v2\/types\/page"}],"author":[{"embeddable":true,"href":"https:\/\/www.healthywork.org\/es\/wp-json\/wp\/v2\/users\/2"}],"replies":[{"embeddable":true,"href":"https:\/\/www.healthywork.org\/es\/wp-json\/wp\/v2\/comments?post=215352"}],"version-history":[{"count":11,"href":"https:\/\/www.healthywork.org\/es\/wp-json\/wp\/v2\/pages\/215352\/revisions"}],"predecessor-version":[{"id":220428,"href":"https:\/\/www.healthywork.org\/es\/wp-json\/wp\/v2\/pages\/215352\/revisions\/220428"}],"up":[{"embeddable":true,"href":"https:\/\/www.healthywork.org\/es\/wp-json\/wp\/v2\/pages\/214604"}],"wp:attachment":[{"href":"https:\/\/www.healthywork.org\/es\/wp-json\/wp\/v2\/media?parent=215352"}],"curies":[{"name":"palabra clave","href":"https:\/\/api.w.org\/{rel}","templated":true}]}}