{"id":215463,"date":"2018-07-03T15:01:22","date_gmt":"2018-07-03T22:01:22","guid":{"rendered":"https:\/\/www.healthywork.org\/?page_id=215463"},"modified":"2021-08-13T11:55:27","modified_gmt":"2021-08-13T18:55:27","slug":"thank-you","status":"publish","type":"page","link":"https:\/\/www.healthywork.org\/es\/contact\/thank-you\/","title":{"rendered":"P\u00e1gina de agradecimiento de contacto"},"content":{"rendered":"<p>[et_pb_section fb_built=&#8221;1&#8243; _builder_version=&#8221;3.22&#8243; custom_margin=&#8221;||0px|&#8221; custom_padding=&#8221;||0px|&#8221; global_colors_info=&#8221;{}&#8221;][et_pb_row _builder_version=&#8221;3.25&#8243; background_size=&#8221;initial&#8221; background_position=&#8221;top_left&#8221; background_repeat=&#8221;repeat&#8221; global_colors_info=&#8221;{}&#8221; column_structure=&#8221;2_3,1_3&#8243;][et_pb_column type=&#8221;2_3&#8243; _builder_version=&#8221;3.25&#8243; custom_padding=&#8221;|||&#8221; global_colors_info=&#8221;{}&#8221; custom_padding__hover=&#8221;|||&#8221;][et_pb_text _builder_version=&#8221;4.9.11&#8243; hover_enabled=&#8221;0&#8243; global_colors_info=&#8221;{}&#8221; sticky_enabled=&#8221;0&#8243;]<\/p>\n<h2 class=\"entry-title main_title custom-page-title-divibuilder\" style=\"margin-top: 25px;\">Thank you!<\/h2>\n<p>Your message has been sent and someone from the <strong>Healthy Work Campaign Team<\/strong> will get back to you as soon as possible.<\/p>\n<p><em><strong>Want other ways to stay in touch?<\/strong><\/em><br \/><a href=\"https:\/\/www.healthywork.org\/take-action\/join-the-movement\/\">Join our newsletter!<\/a><br \/>And find us on <a href=\"https:\/\/healthyworknow.medium.com\/\" target=\"_blank\" rel=\"noopener\">Medium<\/a>, <a href=\"https:\/\/twitter.com\/healthyworknow\" target=\"blank\" rel=\"noopener\">Twitter<\/a>, <a href=\"https:\/\/www.facebook.com\/healthyworknow\/\" target=\"blank\" rel=\"noopener\">Facebook<\/a>, &amp; <a href=\"https:\/\/www.linkedin.com\/showcase\/healthyworknow\/\" target=\"blank\" rel=\"noopener\">LinkedIn<\/a>.<\/p>\n<p>[\/et_pb_text][\/et_pb_column][et_pb_column type=&#8221;1_3&#8243; _builder_version=&#8221;3.25&#8243; custom_padding=&#8221;|||&#8221; global_colors_info=&#8221;{}&#8221; custom_padding__hover=&#8221;|||&#8221;][\/et_pb_column][\/et_pb_row][\/et_pb_section]<\/p>\n","protected":false},"excerpt":{"rendered":"<p>\u00a1Gracias! Su mensaje ha sido enviado y alguien del Equipo de la Campa\u00f1a de Trabajo Saludable se comunicar\u00e1 con usted lo antes posible. \u00bfQuieres otras formas de mantenerte en contacto? \u00a1\u00danete a nuestro bolet\u00edn! Y encu\u00e9ntranos en Medium, Twitter, Facebook y LinkedIn.<\/p>","protected":false},"author":2,"featured_media":0,"parent":215439,"menu_order":0,"comment_status":"closed","ping_status":"closed","template":"","meta":{"_et_pb_use_builder":"on","_et_pb_old_content":"","_et_gb_content_width":"","footnotes":""},"class_list":["post-215463","page","type-page","status-publish","hentry"],"_links":{"self":[{"href":"https:\/\/www.healthywork.org\/es\/wp-json\/wp\/v2\/pages\/215463","targetHints":{"allow":["GET"]}}],"collection":[{"href":"https:\/\/www.healthywork.org\/es\/wp-json\/wp\/v2\/pages"}],"about":[{"href":"https:\/\/www.healthywork.org\/es\/wp-json\/wp\/v2\/types\/page"}],"author":[{"embeddable":true,"href":"https:\/\/www.healthywork.org\/es\/wp-json\/wp\/v2\/users\/2"}],"replies":[{"embeddable":true,"href":"https:\/\/www.healthywork.org\/es\/wp-json\/wp\/v2\/comments?post=215463"}],"version-history":[{"count":9,"href":"https:\/\/www.healthywork.org\/es\/wp-json\/wp\/v2\/pages\/215463\/revisions"}],"predecessor-version":[{"id":223067,"href":"https:\/\/www.healthywork.org\/es\/wp-json\/wp\/v2\/pages\/215463\/revisions\/223067"}],"up":[{"embeddable":true,"href":"https:\/\/www.healthywork.org\/es\/wp-json\/wp\/v2\/pages\/215439"}],"wp:attachment":[{"href":"https:\/\/www.healthywork.org\/es\/wp-json\/wp\/v2\/media?parent=215463"}],"curies":[{"name":"palabra clave","href":"https:\/\/api.w.org\/{rel}","templated":true}]}}