{"id":216077,"date":"2018-07-24T13:22:29","date_gmt":"2018-07-24T20:22:29","guid":{"rendered":"https:\/\/www.healthywork.org\/?page_id=216077"},"modified":"2019-03-01T15:40:41","modified_gmt":"2019-03-01T22:40:41","slug":"healthy-work-agenda","status":"publish","type":"page","link":"https:\/\/www.healthywork.org\/es\/resources\/healthy-work-agenda\/","title":{"rendered":"Agenda de Trabajo Saludable"},"content":{"rendered":"<p><strong>La Agenda de Trabajo Saludable<\/strong> est\u00e1 dise\u00f1ado para promover la comprensi\u00f3n, las discusiones y las acciones que promueven el \u201ctrabajo saludable\u201d. (Ver <a href=\"https:\/\/www.healthywork.org\/es\/resources\/principles-of-healthy-work\/\">Principios del Trabajo Saludable<\/a>.)<\/p>\n<p>Creada para apoyar la Campa\u00f1a Trabajo Saludable, la Agenda se <strong>un conjunto de acciones <\/strong>para mejorar la calidad de los empleos y promover el \u201ctrabajo saludable\u201d. Esas acciones son parte de un esfuerzo para alentar a &quot;pensar en grande&quot; sobre lo que se necesita. <strong>para crear un trabajo saludable en los EE.UU.<\/strong><\/p>\n<p>La Agenda puede iniciar una conversaci\u00f3n o apoyar discusiones o actividades existentes. Los individuos, los empleadores, los sindicatos y las organizaciones de trabajadores pueden apoyar solo uno o varios de los elementos de acci\u00f3n enumerados.<\/p>\n<div class=\"hw-tools-subheadline-container\">\n<h5><em>\u00bfEst\u00e1 buscando acciones #healthywork como individuo?<\/em><\/h5>\n<p><em>Echa un vistazo a nuestro <a href=\"https:\/\/www.healthywork.org\/es\/individuals\/healthy-work-agenda-individuals\/\">Agenda de Trabajo Saludable para Individuos<\/a> p\u00e1gina.<\/em><\/p>\n<h5><em>\u00bfEst\u00e1s buscando acciones #healthywork como empleador?<\/em><\/h5>\n<p><em>Echa un vistazo a nuestro <a href=\"https:\/\/www.healthywork.org\/es\/employers\/healthy-work-agenda-employers\/\">Agenda de Trabajo Saludable para Empleadores<\/a> p\u00e1gina.<\/em><\/p>\n<h5><em>\u00bfEst\u00e1 buscando acciones #healthywork como sindicato o defensor de los trabajadores?<\/em><\/h5>\n<p><em>Echa un vistazo a nuestro <a href=\"https:\/\/www.healthywork.org\/es\/unions-worker-advocates\/healthy-work-agenda-unions\/\">Agenda de Trabajo Saludable para Sindicatos y Defensores de los Trabajadores<\/a> p\u00e1gina.<\/em><\/p>\n<\/div>\n<p>por favor aseg\u00farese de <a href=\"https:\/\/www.healthywork.org\/es\/contact\/\">Haznos saber<\/a> c\u00f3mo lo has usado y qu\u00e9 sucedi\u00f3.<\/p>","protected":false},"excerpt":{"rendered":"<p>The Healthy Work Agenda is designed to promote understanding, discussions, and actions that advance \u201chealthy work.\u201d (See Principles of Healthy Work.) Created to support the Healthy Work Campaign, the Agenda is a set of actions to improve the quality of jobs and promote \u201chealthy work.\u201d Those actions are part of an effort to encourage \u201cthinking [&hellip;]<\/p>\n","protected":false},"author":2,"featured_media":0,"parent":70,"menu_order":0,"comment_status":"closed","ping_status":"closed","template":"","meta":{"_et_pb_use_builder":"","_et_pb_old_content":"","_et_gb_content_width":"","footnotes":""},"class_list":["post-216077","page","type-page","status-publish","hentry"],"_links":{"self":[{"href":"https:\/\/www.healthywork.org\/es\/wp-json\/wp\/v2\/pages\/216077","targetHints":{"allow":["GET"]}}],"collection":[{"href":"https:\/\/www.healthywork.org\/es\/wp-json\/wp\/v2\/pages"}],"about":[{"href":"https:\/\/www.healthywork.org\/es\/wp-json\/wp\/v2\/types\/page"}],"author":[{"embeddable":true,"href":"https:\/\/www.healthywork.org\/es\/wp-json\/wp\/v2\/users\/2"}],"replies":[{"embeddable":true,"href":"https:\/\/www.healthywork.org\/es\/wp-json\/wp\/v2\/comments?post=216077"}],"version-history":[{"count":10,"href":"https:\/\/www.healthywork.org\/es\/wp-json\/wp\/v2\/pages\/216077\/revisions"}],"predecessor-version":[{"id":220686,"href":"https:\/\/www.healthywork.org\/es\/wp-json\/wp\/v2\/pages\/216077\/revisions\/220686"}],"up":[{"embeddable":true,"href":"https:\/\/www.healthywork.org\/es\/wp-json\/wp\/v2\/pages\/70"}],"wp:attachment":[{"href":"https:\/\/www.healthywork.org\/es\/wp-json\/wp\/v2\/media?parent=216077"}],"curies":[{"name":"palabra clave","href":"https:\/\/api.w.org\/{rel}","templated":true}]}}