{"id":218908,"date":"2018-11-27T16:58:08","date_gmt":"2018-11-27T23:58:08","guid":{"rendered":"https:\/\/www.healthywork.org\/?page_id=218908"},"modified":"2021-05-24T10:56:55","modified_gmt":"2021-05-24T17:56:55","slug":"unions-worker-advocates","status":"publish","type":"page","link":"https:\/\/www.healthywork.org\/es\/unions-worker-advocates\/","title":{"rendered":"Sindicatos y Defensores de los Trabajadores"},"content":{"rendered":"<p>Proteger y luchar por la salud y la seguridad de los trabajadores es un principio fundamental del movimiento laboral y otros grupos de defensa de los trabajadores.<\/p>\n<p><strong>Trabajo Saludable<\/strong> es la lucha por trabajos de calidad, justos, respetuosos y que adem\u00e1s eliminen los efectos nocivos de las fuentes de estr\u00e9s en el trabajo (work stressors). Se trata de crear un trabajo que sea f\u00edsica, psicol\u00f3gica y socialmente saludable.<\/p>\n<div class=\"text-highlight-green\" style=\"margin-bottom: 0;\"><em><b>\u00bfSab\u00edas?<\/b><\/em>\u00a0 M\u00e1s de 120.000 muertes por a\u00f1o est\u00e1n asociadas con la forma en que las empresas estadounidenses gestionan a los trabajadores.<sup><a href=\"#reference-1\">1<\/a><\/sup><\/div>\n<p><strong>Sabemos <\/strong>de m\u00e1s de 40 a\u00f1os de investigaci\u00f3n cient\u00edfica que las fuentes de estr\u00e9s provienen de la forma en que se organiza el trabajo (<a href=\"https:\/\/unhealthywork.org\/category\/workplace-stressors\/\" target=\"_blank\" rel=\"noopener noreferrer\">estresores psicosociales relacionados con el trabajo<\/a>) contribuyen a un mayor riesgo de lesiones, agotamiento y depresi\u00f3n, as\u00ed como presi\u00f3n arterial alta y enfermedades del coraz\u00f3n. (Ver <a href=\"https:\/\/www.healthywork.org\/es\/resources\/principles-of-healthy-work\/\">Principios del Trabajo Saludable<\/a> aprender m\u00e1s.)<\/p>\n<p>Si bien no todos los sindicatos y defensores de los trabajadores han considerado directamente los problemas de &quot;estr\u00e9s laboral&quot; y &quot;trabajo insalubre&quot;, los sindicatos se dedican a exigir cargas de trabajo manejables (demandas laborales), dar voz a los trabajadores (control laboral), luchar por el pago de horas extras o l\u00edmites a horas de trabajo (largas horas de trabajo), equilibrio entre la vida laboral y personal (por ejemplo, disposiciones sobre licencias familiares\/por enfermedad y vacaciones), procedimientos de quejas y antig\u00fcedad\/ascensos (justicia organizacional), cl\u00e1usulas contractuales contra la intimidaci\u00f3n, la discriminaci\u00f3n y el acoso sexual, y salud y seguridad.<strong>\u00a0<\/strong><\/p>\n<h4>Trabajo Saludable &amp; \u201cSalud y Seguridad\u201d<\/h4>\n<p>La historia nos dice que las condiciones de trabajo comienzan a mejorar solo despu\u00e9s de que los trabajadores se unen a trav\u00e9s de protestas, manifestaciones o huelgas y se unen a los sindicatos. Con el apoyo de defensores de la salud p\u00fablica y otros, los trabajadores y sus sindicatos exigieron normas y reglamentos de salud y seguridad para protegerlos de condiciones insalubres como productos qu\u00edmicos t\u00f3xicos en el trabajo (p. ej., polvo de carb\u00f3n, benceno, asbesto) e instalaciones y equipos inseguros. Una larga campa\u00f1a por lugares de trabajo m\u00e1s saludables condujo eventualmente a la aprobaci\u00f3n de la\u00a0<em>Ley de Seguridad y Salud en el Trabajo<\/em>\u00a0(OSHA) en 1970.<\/p>\n<p>Los problemas de salud y seguridad siguen siendo una preocupaci\u00f3n importante para los sindicatos y los trabajadores en general, debido a la aplicaci\u00f3n insuficiente por parte de OSHA, ya que los empleadores con frecuencia ignoran los requisitos m\u00ednimos de la ley. Demasiados trabajadores todav\u00eda enfrentan lesiones y enfermedades prevenibles. Otras \u201ccausas fundamentales\u201d, a menudo invisibles, como los factores estresantes del trabajo (el \u201cambiente de trabajo psicosocial\u201d), pueden aumentar el riesgo de lesiones y enfermedades cr\u00f3nicas. (Ver\u00a0<a href=\"https:\/\/www.healthywork.org\/es\/resources\/statistics-infographs\/\">Estad\u00edsticas para saber<\/a>\u00a0aprender m\u00e1s.)<\/p>\n<p>Los sindicatos pueden ser m\u00e1s efectivos en la protecci\u00f3n de la salud y la seguridad de sus miembros al trabajar para reducir y prevenir los factores estresantes del trabajo que pueden da\u00f1ar la salud mental y f\u00edsica de sus miembros. Muchos sindicatos ya est\u00e1n abordando problemas que afectan el trabajo saludable #, incluida la intensificaci\u00f3n del trabajo (a menudo como resultado de la falta de personal, despidos o pr\u00e1cticas de \u201ctrabajo reducido\u201d), \u201ctensi\u00f3n laboral\u201d (altas demandas, bajo control, poco apoyo), largas horas de trabajo, turnos el trabajo, el trabajo \u201cprecario\u201d (empleo at\u00edpico, trabajo temporal), el bullying, la discriminaci\u00f3n y el acoso sexual, y el respeto y la dignidad que todas las personas merecen, independientemente del trabajo que tengan.<\/p>\n<h4>Recursos de trabajo saludable<\/h4>\n<p><strong>La Campa\u00f1a de Trabajo Saludable<\/strong> (HWC) se compromete a compartir con los trabajadores, sus sindicatos u otros grupos de defensa de los trabajadores, lo que hemos aprendido sobre <a href=\"https:\/\/www.healthywork.org\/es\/resources\/principles-of-healthy-work\/\">trabajo saludable y no saludable<\/a> (y <a href=\"https:\/\/www.healthywork.org\/es\/resources\/statistics-infographs\/\">sus costos<\/a>), as\u00ed como a proponer soluciones.<\/p>\n<p><img decoding=\"async\" style=\"width: 100%; max-width: 350px; float: left; margin-right: 20px; margin-bottom: 20px;\" src=\"\/wp-content\/uploads\/2018\/12\/nyu-langone-brooklyn-union-meeting.jpg\" \/><\/p>\n<p>A medida que los sindicatos contin\u00faan la lucha para abogar por mejores condiciones de trabajo, igualdad econ\u00f3mica y social para los trabajadores y las familias, HWC brinda a los sindicatos y <a href=\"https:\/\/www.healthywork.org\/es\/unions-worker-advocates\/healthy-work-survey-unions\/\">otro<\/a> grupos de trabajadores con herramientas y recursos, incluida una Encuesta de Trabajo Saludable (HWS) (en desarrollo) para identificar los factores estresantes del trabajo que pueden estar afectando a los trabajadores que usted representa, as\u00ed como una <a href=\"https:\/\/www.healthywork.org\/es\/unions-worker-advocates\/healthy-work-tools-unions\/\">caja de herramientas<\/a> de recursos e intervenciones, incluido el lenguaje de negociaci\u00f3n colectiva, y ejemplos de c\u00f3mo promover un trabajo saludable a trav\u00e9s de comit\u00e9s o legislaci\u00f3n laboral-patronal.<\/p>\n<p>Buscamos colaborar con los sindicatos y otros grupos de defensa de los trabajadores para promover el movimiento #healthywork for all.<\/p>\n<p>Vea nuestro <a href=\"https:\/\/www.healthywork.org\/es\/mission\/\">MISI\u00d3N<\/a> p\u00e1gina para obtener la historia detr\u00e1s de nuestro compromiso con el trabajo saludable y los recursos a continuaci\u00f3n para MARCAR LA DIFERENCIA en la salud y el bienestar de los trabajadores.<\/p>\n<div class=\"ind-emp-union-overview-question-section-container\">\n<h4>\u00bfQu\u00e9 es el trabajo saludable?<\/h4>\n<p>Usa nuestro <a href=\"https:\/\/www.healthywork.org\/es\/resources\/principles-of-healthy-work\/\"><strong>Principios del Trabajo Saludable<\/strong><\/a> &amp; tomar el <a href=\"\/es\/unions-worker-advocates\/healthy-work-survey-unions\/\"><strong>Encuesta de Trabajo Saludable<\/strong><\/a> descubrir.<\/p>\n<h4>\u00bfC\u00f3mo podemos abordar el trabajo insalubre?<\/h4>\n<p>Usa nuestro <a href=\"https:\/\/www.healthywork.org\/es\/unions-worker-advocates\/healthy-work-tools-unions\/\"><strong>Herramientas de Trabajo Saludable<\/strong><\/a> &amp; <a href=\"https:\/\/www.healthywork.org\/es\/employers\/get-feedback\/\"><strong>Obtener comentarios<\/strong><\/a>.<\/p>\n<h4>\u00bfC\u00f3mo podemos hacer m\u00e1s?<\/h4>\n<p><a href=\"https:\/\/www.healthywork.org\/es\/take-action\/join-the-movement\/\"><strong>Unete al movimiento<\/strong><\/a><\/p>\n<p><a href=\"https:\/\/www.healthywork.org\/es\/take-action\/pledge\/\"><strong>Firma el Compromiso<\/strong><\/a><\/p>\n<p><a href=\"https:\/\/www.healthywork.org\/es\/take-action\/partner\/\"><strong>Convertirse en un compa\u00f1ero<\/strong><\/a><\/p>\n<p><a href=\"https:\/\/www.healthywork.org\/es\/take-action\/advocate\/\"><strong>Defensor del Trabajo Saludable<\/strong><\/a><\/p>\n<h4>\u00a1Gracias!<\/h4>\n<\/div>\n<p>&nbsp;<\/p>\n<p id=\"reference-1\" class=\"bottom-of-page-reference\">1. Goh, Pfeffer y Zenios. &quot;La relaci\u00f3n entre los factores estresantes en el lugar de trabajo y la mortalidad y los costos de salud en los Estados Unidos&quot;. Ciencias de la gesti\u00f3n, 2015<\/p>","protected":false},"excerpt":{"rendered":"<p>Protecting and fighting for the health and safety of working people is a fundamental principle of the labor movement and other worker advocacy groups. Healthy Work is the struggle for quality jobs that are fair, respectful and that also eliminate the harmful effects of sources of stress at work (work stressors). It is about creating [&hellip;]<\/p>\n","protected":false},"author":2,"featured_media":0,"parent":0,"menu_order":0,"comment_status":"closed","ping_status":"closed","template":"","meta":{"_et_pb_use_builder":"","_et_pb_old_content":"","_et_gb_content_width":"","footnotes":""},"class_list":["post-218908","page","type-page","status-publish","hentry"],"_links":{"self":[{"href":"https:\/\/www.healthywork.org\/es\/wp-json\/wp\/v2\/pages\/218908","targetHints":{"allow":["GET"]}}],"collection":[{"href":"https:\/\/www.healthywork.org\/es\/wp-json\/wp\/v2\/pages"}],"about":[{"href":"https:\/\/www.healthywork.org\/es\/wp-json\/wp\/v2\/types\/page"}],"author":[{"embeddable":true,"href":"https:\/\/www.healthywork.org\/es\/wp-json\/wp\/v2\/users\/2"}],"replies":[{"embeddable":true,"href":"https:\/\/www.healthywork.org\/es\/wp-json\/wp\/v2\/comments?post=218908"}],"version-history":[{"count":10,"href":"https:\/\/www.healthywork.org\/es\/wp-json\/wp\/v2\/pages\/218908\/revisions"}],"predecessor-version":[{"id":222869,"href":"https:\/\/www.healthywork.org\/es\/wp-json\/wp\/v2\/pages\/218908\/revisions\/222869"}],"wp:attachment":[{"href":"https:\/\/www.healthywork.org\/es\/wp-json\/wp\/v2\/media?parent=218908"}],"curies":[{"name":"palabra clave","href":"https:\/\/api.w.org\/{rel}","templated":true}]}}