{"id":218912,"date":"2018-11-27T17:23:15","date_gmt":"2018-11-28T00:23:15","guid":{"rendered":"https:\/\/www.healthywork.org\/?page_id=218912"},"modified":"2018-12-10T21:34:08","modified_gmt":"2018-12-11T04:34:08","slug":"healthy-work-tools","status":"publish","type":"page","link":"https:\/\/www.healthywork.org\/es\/resources\/healthy-work-tools\/","title":{"rendered":"Herramientas de Trabajo Saludable"},"content":{"rendered":"<p>Si descubri\u00f3 que tiene un trabajo poco saludable o simplemente desea obtener m\u00e1s informaci\u00f3n sobre c\u00f3mo construir un lugar de trabajo saludable y sostenible, tenemos buenas noticias.<\/p>\n<p>Creamos<strong> Herramientas de Trabajo Saludable <\/strong>para brindarle recursos y recomendaciones sobre el cambio organizacional de expertos en el campo del estr\u00e9s laboral. Est\u00e1n dise\u00f1ados para ayudarte <strong>tomar medidas para abordar los factores estresantes del trabajo<\/strong> eso podr\u00eda hacer que usted, sus colegas o sus empleados se enfermen, sean menos productivos o socaven los resultados de su organizaci\u00f3n.<\/p>\n<p>Hemos creado p\u00e1ginas de herramientas para satisfacer las distintas necesidades de las personas, los empleadores y los sindicatos\/defensores de los trabajadores.<\/p>\n<div class=\"hw-tools-subheadline-container\">\n<h5><em>\u00bfEst\u00e1 buscando soluciones #healthywork como individuo?<\/em><\/h5>\n<p><em>Echa un vistazo a nuestro <a href=\"https:\/\/www.healthywork.org\/es\/individuals\/healthy-work-tools-individuals\/\">Herramientas de Trabajo Saludable para Individuos<\/a> p\u00e1gina.<\/em><\/p>\n<h5><em>\u00bfEst\u00e1 buscando soluciones #healthywork como empleador?<\/em><\/h5>\n<p><em>Echa un vistazo a nuestro <a href=\"https:\/\/www.healthywork.org\/es\/employers\/healthy-work-tools-employers\/\">Herramientas de Trabajo Saludable para Empleadores<\/a> p\u00e1gina.<\/em><\/p>\n<h5><em>\u00bfEst\u00e1 buscando soluciones #healthywork como sindicato o defensor de los trabajadores?<\/em><\/h5>\n<p><em>Echa un vistazo a nuestro <a href=\"https:\/\/www.healthywork.org\/es\/unions-worker-advocates\/healthy-work-tools-unions\/\">Herramientas de Trabajo Saludable para Sindicatos y Defensores de los Trabajadores<\/a> p\u00e1gina.<\/em>\n<\/div>\n<p>por favor aseg\u00farese de <a href=\"https:\/\/www.healthywork.org\/es\/contact\/\">Haznos saber<\/a> c\u00f3mo lo has usado y qu\u00e9 sucedi\u00f3.<\/p>","protected":false},"excerpt":{"rendered":"<p>If you have discovered you have unhealthy work or just want more information on how to build a healthy, sustainable workplace, we have good news. We created Healthy Work Tools to give you resources for and recommendations about organizational change from experts in the field of work stress. They\u2019re designed to help you take action [&hellip;]<\/p>\n","protected":false},"author":2,"featured_media":0,"parent":70,"menu_order":0,"comment_status":"closed","ping_status":"closed","template":"","meta":{"_et_pb_use_builder":"","_et_pb_old_content":"","_et_gb_content_width":"","footnotes":""},"class_list":["post-218912","page","type-page","status-publish","hentry"],"_links":{"self":[{"href":"https:\/\/www.healthywork.org\/es\/wp-json\/wp\/v2\/pages\/218912","targetHints":{"allow":["GET"]}}],"collection":[{"href":"https:\/\/www.healthywork.org\/es\/wp-json\/wp\/v2\/pages"}],"about":[{"href":"https:\/\/www.healthywork.org\/es\/wp-json\/wp\/v2\/types\/page"}],"author":[{"embeddable":true,"href":"https:\/\/www.healthywork.org\/es\/wp-json\/wp\/v2\/users\/2"}],"replies":[{"embeddable":true,"href":"https:\/\/www.healthywork.org\/es\/wp-json\/wp\/v2\/comments?post=218912"}],"version-history":[{"count":5,"href":"https:\/\/www.healthywork.org\/es\/wp-json\/wp\/v2\/pages\/218912\/revisions"}],"predecessor-version":[{"id":219728,"href":"https:\/\/www.healthywork.org\/es\/wp-json\/wp\/v2\/pages\/218912\/revisions\/219728"}],"up":[{"embeddable":true,"href":"https:\/\/www.healthywork.org\/es\/wp-json\/wp\/v2\/pages\/70"}],"wp:attachment":[{"href":"https:\/\/www.healthywork.org\/es\/wp-json\/wp\/v2\/media?parent=218912"}],"curies":[{"name":"palabra clave","href":"https:\/\/api.w.org\/{rel}","templated":true}]}}