{"id":221015,"date":"2019-09-24T16:05:56","date_gmt":"2019-09-24T23:05:56","guid":{"rendered":"https:\/\/www.healthywork.org\/?page_id=221015"},"modified":"2019-10-03T14:54:17","modified_gmt":"2019-10-03T21:54:17","slug":"healthy-work-survey","status":"publish","type":"page","link":"https:\/\/www.healthywork.org\/es\/healthy-work-survey\/","title":{"rendered":"Encuesta de Trabajo Saludable"},"content":{"rendered":"<p>Si quieres saber si est\u00e1s expuesto o no a fuentes de estr\u00e9s en el trabajo (<a href=\"\/es\/resources\/principles-of-healthy-work\/\">factores estresantes del trabajo<\/a>) y hasta qu\u00e9 punto, est\u00e1s en el lugar correcto.<\/p>\n<p>Nuestra<strong> Encuesta de Trabajo Saludable<\/strong> Las p\u00e1ginas est\u00e1n dise\u00f1adas para ayudarte. <strong>tomar medidas para evaluar los factores estresantes del trabajo<\/strong> eso podr\u00eda hacer que usted, sus colegas o sus empleados se enfermen, sean menos productivos o socaven los resultados de su organizaci\u00f3n.<\/p>\n<p>Cada una de nuestras p\u00e1ginas de encuestas a continuaci\u00f3n est\u00e1 dise\u00f1ada para satisfacer las distintas necesidades de las personas, los empleadores y los sindicatos\/defensores de los trabajadores.<\/p>\n<p><strong><em>\u00bfEst\u00e1 buscando una encuesta #healthywork como individuo?<br \/>\n<\/em><\/strong>Echa un vistazo a nuestro <a href=\"https:\/\/www.healthywork.org\/es\/individuals\/healthy-work-survey-individuals\/\">Encuesta de Trabajo Saludable para Individuos<\/a> p\u00e1gina.<\/p>\n<p><strong><em>\u00bfEst\u00e1 buscando una encuesta #healthywork como empleador?<br \/>\n<\/em><\/strong>Echa un vistazo a nuestro <a href=\"https:\/\/www.healthywork.org\/es\/employers\/healthy-work-survey-employers\/\">Encuesta de Trabajo Saludable para Empleadores<\/a> p\u00e1gina.<\/p>\n<p><strong><em>\u00bfEst\u00e1 buscando una encuesta #healthywork como sindicato o defensor de los trabajadores?<br \/>\n<\/em><\/strong>Echa un vistazo a nuestro <a href=\"https:\/\/www.healthywork.org\/es\/unions-worker-advocates\/healthy-work-survey-unions\/\">Encuesta de Trabajo Saludable para Sindicatos y Defensores de los Trabajadores<\/a> p\u00e1gina.<\/p>\n<p>Por favor, aseg\u00farese de informarnos c\u00f3mo lo ha usado y qu\u00e9 sucedi\u00f3.<\/p>","protected":false},"excerpt":{"rendered":"<p>If you want to find out whether or not you are exposed to sources of stress at work (work stressors) and to what degree, you\u2019re in the right place. Our Healthy Work Survey pages are designed to help you take action to assess work stressors that could make you, your colleagues or your employees ill, [&hellip;]<\/p>\n","protected":false},"author":2,"featured_media":0,"parent":0,"menu_order":0,"comment_status":"closed","ping_status":"closed","template":"","meta":{"_et_pb_use_builder":"","_et_pb_old_content":"","_et_gb_content_width":"","footnotes":""},"class_list":["post-221015","page","type-page","status-publish","hentry"],"_links":{"self":[{"href":"https:\/\/www.healthywork.org\/es\/wp-json\/wp\/v2\/pages\/221015","targetHints":{"allow":["GET"]}}],"collection":[{"href":"https:\/\/www.healthywork.org\/es\/wp-json\/wp\/v2\/pages"}],"about":[{"href":"https:\/\/www.healthywork.org\/es\/wp-json\/wp\/v2\/types\/page"}],"author":[{"embeddable":true,"href":"https:\/\/www.healthywork.org\/es\/wp-json\/wp\/v2\/users\/2"}],"replies":[{"embeddable":true,"href":"https:\/\/www.healthywork.org\/es\/wp-json\/wp\/v2\/comments?post=221015"}],"version-history":[{"count":3,"href":"https:\/\/www.healthywork.org\/es\/wp-json\/wp\/v2\/pages\/221015\/revisions"}],"predecessor-version":[{"id":221097,"href":"https:\/\/www.healthywork.org\/es\/wp-json\/wp\/v2\/pages\/221015\/revisions\/221097"}],"wp:attachment":[{"href":"https:\/\/www.healthywork.org\/es\/wp-json\/wp\/v2\/media?parent=221015"}],"curies":[{"name":"palabra clave","href":"https:\/\/api.w.org\/{rel}","templated":true}]}}