{"id":222634,"date":"2021-02-25T11:39:43","date_gmt":"2021-02-25T19:39:43","guid":{"rendered":"https:\/\/www.healthywork.org\/?page_id=222634"},"modified":"2021-02-25T11:40:52","modified_gmt":"2021-02-25T19:40:52","slug":"donation-confirmation","status":"publish","type":"page","link":"https:\/\/www.healthywork.org\/es\/donate-old\/donation-confirmation\/","title":{"rendered":"Confirmaci\u00f3n de donaci\u00f3n"},"content":{"rendered":"<p><span style=\"font-weight: 400;\">El Centro de Epidemiolog\u00eda Social (EIN: <\/span><span style=\"font-weight: 400;\">11-2878378<\/span><span style=\"font-weight: 400;\">) ha recibido su generosa donaci\u00f3n a nuestra Campa\u00f1a de Trabajo Saludable.\u00a0<\/span><\/p>\n<p><span style=\"font-weight: 400;\">Muchas gracias por asociarse con nosotros para reducir los estresores laborales da\u00f1inos y mejorar la calidad del trabajo y la salud en los EE. UU.<\/span><\/p>\n<p><span style=\"font-weight: 400;\">Su donaci\u00f3n es deducible de impuestos 100% como contribuci\u00f3n a una organizaci\u00f3n 501(c)(3).<\/span><\/p>\n<p>&nbsp;<\/p>","protected":false},"excerpt":{"rendered":"<p>El Centro de Epidemiolog\u00eda Social (EIN: 11-2878378) ha recibido su generosa donaci\u00f3n a nuestra Campa\u00f1a de Trabajo Saludable. Muchas gracias por asociarse con nosotros para reducir los estresores laborales da\u00f1inos y mejorar la calidad y la salud del trabajo en los EE. UU. Su donaci\u00f3n es deducible de impuestos 100% como contribuci\u00f3n a una organizaci\u00f3n 501(c)(3). &nbsp;<\/p>","protected":false},"author":2,"featured_media":0,"parent":222629,"menu_order":0,"comment_status":"closed","ping_status":"closed","template":"","meta":{"_et_pb_use_builder":"","_et_pb_old_content":"","_et_gb_content_width":"","footnotes":""},"class_list":["post-222634","page","type-page","status-publish","hentry"],"_links":{"self":[{"href":"https:\/\/www.healthywork.org\/es\/wp-json\/wp\/v2\/pages\/222634","targetHints":{"allow":["GET"]}}],"collection":[{"href":"https:\/\/www.healthywork.org\/es\/wp-json\/wp\/v2\/pages"}],"about":[{"href":"https:\/\/www.healthywork.org\/es\/wp-json\/wp\/v2\/types\/page"}],"author":[{"embeddable":true,"href":"https:\/\/www.healthywork.org\/es\/wp-json\/wp\/v2\/users\/2"}],"replies":[{"embeddable":true,"href":"https:\/\/www.healthywork.org\/es\/wp-json\/wp\/v2\/comments?post=222634"}],"version-history":[{"count":2,"href":"https:\/\/www.healthywork.org\/es\/wp-json\/wp\/v2\/pages\/222634\/revisions"}],"predecessor-version":[{"id":222636,"href":"https:\/\/www.healthywork.org\/es\/wp-json\/wp\/v2\/pages\/222634\/revisions\/222636"}],"up":[{"embeddable":true,"href":"https:\/\/www.healthywork.org\/es\/wp-json\/wp\/v2\/pages\/222629"}],"wp:attachment":[{"href":"https:\/\/www.healthywork.org\/es\/wp-json\/wp\/v2\/media?parent=222634"}],"curies":[{"name":"palabra clave","href":"https:\/\/api.w.org\/{rel}","templated":true}]}}