{"id":70,"date":"2018-04-10T09:58:07","date_gmt":"2018-04-10T16:58:07","guid":{"rendered":"https:\/\/www.healthywork.org\/?page_id=70"},"modified":"2022-01-28T15:06:20","modified_gmt":"2022-01-28T23:06:20","slug":"resources","status":"publish","type":"page","link":"https:\/\/www.healthywork.org\/es\/resources\/","title":{"rendered":"Recursos"},"content":{"rendered":"<p style=\"text-align: left;\"><strong>La Campa\u00f1a de Trabajo Saludable<\/strong> se compromete a proporcionar <strong>recursos <\/strong>para ayudar a educar y equipar a todas las partes interesadas de #healthywork, para que podamos promover un trabajo saludable y lugares de trabajo sostenibles en todo EE. UU. y m\u00e1s all\u00e1.<\/p>\n<p style=\"text-align: left;\">Con su apoyo, podemos comenzar a prevenir muchos problemas de salud mental y enfermedades cardiovasculares relacionados con el trabajo, as\u00ed como reducir las lesiones relacionadas con el trabajo.<\/p>\n<h4>Utilice nuestros recursos:<\/h4>\n<p><strong><a href=\"https:\/\/www.healthywork.org\/es\/resources\/statistics-infographs\/business-costs\/\">Costos comerciales<\/a><\/strong> \u2013 hechos y cifras que las empresas deben saber sobre los costos directos e indirectos del trabajo insalubre<\/p>\n<p><a href=\"https:\/\/www.healthywork.org\/es\/resources\/statistics-infographs\/\"><strong>Estad\u00edsticas<\/strong> <strong>e infograf\u00edas <\/strong><\/a>\u2013 algunos hechos y cifras importantes en el campo de la salud ocupacional destilados en estad\u00edsticas e infograf\u00edas descargables y compartibles<\/p>\n<p style=\"text-align: left;\"><a href=\"https:\/\/www.healthywork.org\/es\/resources\/principles-of-healthy-work\/\"><strong>Los principios del trabajo saludable<\/strong><\/a> es un recurso que puede ayudar a educar a todas las partes interesadas sobre lo que es (y no es) un trabajo saludable. Incluye cinco categor\u00edas principales relacionadas con el trabajo y describe brevemente c\u00f3mo cada una afecta la salud y el bienestar de las personas y organizaciones que trabajan.<\/p>\n<p><a href=\"https:\/\/www.healthywork.org\/es\/healthy-work-survey\/\"><strong>Encuesta de Trabajo Saludable<\/strong><\/a> \u2013 herramientas para evaluar los factores estresantes del trabajo, como defensor individual, empleador o sindicato\/trabajador<\/p>\n<p><a href=\"\/es\/resources\/healthy-work-tools\/\"><strong>Herramientas de Trabajo Saludable<\/strong><\/a> \u2013 herramientas, recursos y recomendaciones de expertos en el campo del estr\u00e9s laboral para ayudarlo a tomar medidas para abordar los factores estresantes laborales<\/p>\n<p><strong><a href=\"https:\/\/www.healthywork.org\/es\/resources\/healthy-work-strategies\/\" rel=\"noopener\" data-saferedirecturl=\"https:\/\/www.google.com\/url?q=https:\/\/www.healthywork.org\/resources\/healthy-work-strategies\/&amp;source=gmail&amp;ust=1612647403057000&amp;usg=AFQjCNEzk8KAJ8hC7c_R-kRbh6rV4Ss9xA\">Estrategias de Trabajo Saludable<\/a><\/strong> \u2013 informes sobre pol\u00edticas, programas, lenguaje contractual, reglamentos y leyes en el lugar de trabajo dise\u00f1ados para reducir las fuentes de estr\u00e9s en el trabajo<\/p>\n<p style=\"text-align: left;\"><a href=\"\/es\/resources\/healthy-work-agenda\/\"><strong>La Agenda de Trabajo Saludable<\/strong><\/a> es un conjunto de elementos de acci\u00f3n para que individuos y organizaciones discutan, apoyen y promuevan cambios para mejorar la calidad de los trabajos y promover el trabajo saludable # en los EE. UU.<\/p>\n<p style=\"text-align: left;\"><a href=\"https:\/\/www.healthywork.org\/es\/resources\/healthy-work-articles\/\"><strong>Art\u00edculos de Trabajo Saludable<\/strong><\/a> \u2013 art\u00edculos originales donde discutimos el impacto del trabajo insalubre, las pr\u00e1cticas laborales, las pol\u00edticas y las leyes que perpet\u00faan la mala salud y el bienestar, as\u00ed como las posibles soluciones<\/p>\n<p style=\"text-align: left;\"><a href=\"https:\/\/www.healthywork.org\/es\/resources\/research\/\"><strong>Investigar<\/strong><\/a> \u2013 donde definimos t\u00e9rminos clave y proporcionamos publicaciones de investigaci\u00f3n actualizadas que informan nuestros recursos y herramientas educativos<\/p>\n<p style=\"text-align: left;\"><a href=\"https:\/\/www.healthywork.org\/es\/resources\/your-work-stories\/\"><strong>Historias de trabajadores<\/strong><\/a> \u2013 las historias que ha enviado sobre su experiencia trabajando, administrando negocios y buscando un trabajo saludable en los EE. UU.<\/p>\n<p style=\"text-align: left;\"><a href=\"https:\/\/www.healthywork.org\/es\/resources\/woe-documentary\/\"><strong>AY documental<\/strong><\/a> \u2013 donde puede ver \u201cWorking on Empty\u201d, nuestro breve video documental sobre el impacto de los estresores laborales da\u00f1inos en la salud f\u00edsica y mental<\/p>\n<p style=\"text-align: left;\"><a href=\"https:\/\/www.healthywork.org\/es\/resources\/media\/\"><strong>Medios de comunicaci\u00f3n<\/strong><\/a> \u2013 donde puede ver y compartir nuestros videos educativos y presentaciones de diapositivas<\/p>\n<p style=\"text-align: left;\"><strong><em>\u00bfEres miembro de la prensa? <\/em><\/strong>Dir\u00edgete a nuestro <a href=\"\/es\/resources\/press-room\/\"><strong>Sala de prensa<\/strong><\/a> para material de antecedentes, contactos de prensa y recursos visuales.<\/p>","protected":false},"excerpt":{"rendered":"<p>The Healthy Work Campaign is committed to providing resources to help educate and equip all #healthywork stakeholders, so we can promote healthy work and sustainable workplaces throughout the U.S. and beyond. With your support, we can begin to prevent many work-related mental health problems and cardiovascular disease, as well as reduce work-related injuries. Use Our [&hellip;]<\/p>\n","protected":false},"author":2,"featured_media":0,"parent":0,"menu_order":0,"comment_status":"closed","ping_status":"closed","template":"","meta":{"_et_pb_use_builder":"off","_et_pb_old_content":"","_et_gb_content_width":"","footnotes":""},"class_list":["post-70","page","type-page","status-publish","hentry"],"_links":{"self":[{"href":"https:\/\/www.healthywork.org\/es\/wp-json\/wp\/v2\/pages\/70","targetHints":{"allow":["GET"]}}],"collection":[{"href":"https:\/\/www.healthywork.org\/es\/wp-json\/wp\/v2\/pages"}],"about":[{"href":"https:\/\/www.healthywork.org\/es\/wp-json\/wp\/v2\/types\/page"}],"author":[{"embeddable":true,"href":"https:\/\/www.healthywork.org\/es\/wp-json\/wp\/v2\/users\/2"}],"replies":[{"embeddable":true,"href":"https:\/\/www.healthywork.org\/es\/wp-json\/wp\/v2\/comments?post=70"}],"version-history":[{"count":10,"href":"https:\/\/www.healthywork.org\/es\/wp-json\/wp\/v2\/pages\/70\/revisions"}],"predecessor-version":[{"id":223476,"href":"https:\/\/www.healthywork.org\/es\/wp-json\/wp\/v2\/pages\/70\/revisions\/223476"}],"wp:attachment":[{"href":"https:\/\/www.healthywork.org\/es\/wp-json\/wp\/v2\/media?parent=70"}],"curies":[{"name":"palabra clave","href":"https:\/\/api.w.org\/{rel}","templated":true}]}}