{"id":215354,"date":"2018-07-03T13:30:10","date_gmt":"2018-07-03T20:30:10","guid":{"rendered":"https:\/\/www.healthywork.org\/?page_id=215354"},"modified":"2019-03-01T15:35:31","modified_gmt":"2019-03-01T22:35:31","slug":"join-the-movement","status":"publish","type":"page","link":"https:\/\/www.healthywork.org\/pt\/take-action\/join-the-movement\/","title":{"rendered":"Junte-se ao Movimento"},"content":{"rendered":"<p>A essa altura, voc\u00ea j\u00e1 APRENDEU sobre o trabalho (n\u00e3o)saud\u00e1vel e AVALIOU se o seu trabalho \u00e9 ou n\u00e3o saud\u00e1vel. Mas <strong>se voc\u00ea acredita que voc\u00ea tem que <em>escolher entre<\/em> seu trabalho e sua sa\u00fade<\/strong>, Temos boas not\u00edcias para voc\u00ea. estressores de trabalho <em>est\u00e1<\/em> evit\u00e1veis, assim como seus custos econ\u00f4micos e de sa\u00fade - por <a href=\"https:\/\/www.healthywork.org\/pt\/individuals\/\">indiv\u00edduos<\/a> <em>e<\/em> para <a href=\"https:\/\/www.healthywork.org\/pt\/employers\/\">organiza\u00e7\u00f5es<\/a>.<\/p>\n<p>Voc\u00ea pode escolher TOMAR A\u00c7\u00c3O de v\u00e1rias maneiras.<\/p>\n<p><strong>Se voc\u00ea deseja contribuir para reduzir os estressores nocivos do trabalho e melhorar a qualidade e a sa\u00fade do trabalho nos EUA, pode come\u00e7ar juntando-se ao movimento #healthywork.<\/strong> Receba atualiza\u00e7\u00f5es do boletim informativo sobre o que nossa campanha est\u00e1 fazendo e o que voc\u00ea pode fazer para fazer a diferen\u00e7a em seu local de trabalho, comunidade e al\u00e9m!<\/p>\n<p><img decoding=\"async\" id=\"join-page-hwc-logo\" src=\"\/wp-content\/uploads\/2018\/12\/HWC_fulllogo_Color-1200x630-fb-white-977x630.jpg\" \/><\/p>\n<div id=\"home-email-signup-container\" style=\"max-width: 303px; margin-left: auto; margin-right: auto;\">\n<p><!-- Begin CUSTOM MailChimp Signup Form --><\/p>\n<div id=\"mc_embed_signup\">\n<form id=\"mc-embedded-subscribe-form\" class=\"validate\" action=\"https:\/\/workingonempty.us15.list-manage.com\/subscribe\/post?u=fec5a5be868fcd8d409a04033&amp;id=9f99fbf303\" method=\"post\" name=\"mc-embedded-subscribe-form\" novalidate=\"novalidate\" target=\"_blank\">\n<div id=\"mc_embed_signup_scroll\">\n<div class=\"mc-field-group\">\n<p class=\"mailchimp-signup-form-p-before-input\"><input id=\"mce-EMAIL\" class=\"required email\" name=\"EMAIL\" type=\"email\" value=\"\" placeholder=\"PARTICIPE (digite o e-mail)\" aria-required=\"true\" \/><\/p>\n<\/div>\n<div id=\"mce-responses\" class=\"clear\" style=\"display: none;\">\n<div id=\"mce-error-response\" class=\"response\" style=\"display: none;\"><\/div>\n<div id=\"mce-success-response\" class=\"response\" style=\"display: none;\"><\/div>\n<\/div>\n<div style=\"position: absolute; left: -5000px;\" aria-hidden=\"true\"><input tabindex=\"-1\" name=\"b_fec5a5be868fcd8d409a04033_9f99fbf303\" type=\"text\" value=\"\" \/><\/div>\n<p class=\"mailchimp-signup-form-p-before-input\"><input id=\"mc-embedded-subscribe\" class=\"button\" name=\"subscribe\" type=\"submit\" value=\"\u2713\" \/><\/p>\n<\/div>\n<\/form>\n<\/div>\n<p><!--End mc_embed_signup--><\/p>\n<\/div>\n<p id=\"join-page-with-your-help-p\" class=\"clearfix\">Com a sua ajuda, podemos ampliar as possibilidades de cria\u00e7\u00e3o de trabalho saud\u00e1vel nos Estados Unidos<\/p>","protected":false},"excerpt":{"rendered":"<p>By now, you have already LEARNED about (un)healthy work and ASSESSED whether or not your work is healthy. But if you believe you have to choose between your job and your health, we have good news for you. Work stressors are preventable, and so are their health and economic costs\u2014for individuals and for organizations. You [&hellip;]<\/p>\n","protected":false},"author":2,"featured_media":0,"parent":214604,"menu_order":0,"comment_status":"closed","ping_status":"closed","template":"","meta":{"_et_pb_use_builder":"off","_et_pb_old_content":"By now, you have already LEARNED about (un)healthy work and ASSESSED whether or not your work is healthy. But <strong>if you believe you have to <em>choose between<\/em> your job and your health<\/strong>, we have good news for you. Work stressors <em>are<\/em> preventable, and so are their health and economic costs\u2014for <a href=\"https:\/\/www.healthywork.org\/for-individuals\/\">individuals<\/a> <em>and<\/em> for <a href=\"https:\/\/www.healthywork.org\/for-organizations\/\">organizations<\/a>.\r\n\r\nYou can choose to TAKE ACTION in several ways.\r\n\r\n<strong>If you want to contribute to reducing harmful work stressors and improving job quality and health in the U.S., you can start by joining the #healthywork movement.<\/strong> Get newsletter updates on what our campaign is doing and what you can do to make a difference in your workplace, community and beyond!\r\n\r\n\u00a0\r\n<div id=\"home-email-signup-container\" style=\"max-width: 285px; margin-left: auto; margin-right: auto;\"><form id=\"mG61Hd\" action=\"https:\/\/docs.google.com\/forms\/d\/e\/1FAIpQLSdM0zUgj9DU5KUVY3OewyuZtfno2WY2ggV6hLsSs-R2xhT0zA\/formResponse\" method=\"POST\" target=\"_self\">\r\n<div class=\"freebirdFormviewerViewFormCard\">\r\n<div class=\"freebirdFormviewerViewAccentBanner freebirdAccentBackground\"><\/div>\r\n<div class=\"freebirdFormviewerViewFormContent \">\r\n<div class=\"freebirdFormviewerViewHeaderHeader\">\r\n<div class=\"freebirdFormviewerViewHeaderTitleRow\">\r\n<div class=\"freebirdFormviewerViewHeaderTitle\" dir=\"auto\" role=\"heading\" aria-level=\"1\"><\/div>\r\n<\/div>\r\n<div class=\"freebirdFormviewerViewHeaderRequiredLegend\" dir=\"auto\" aria-hidden=\"true\"><\/div>\r\n<\/div>\r\n<div class=\"freebirdFormviewerViewItemList\" role=\"list\">\r\n<div class=\"freebirdFormviewerViewItemsItemItem freebirdFormviewerViewItemsTextTextItem\" role=\"listitem\" data-required=\"true\" data-item-id=\"747584969\">\r\n<div class=\"freebirdFormviewerViewItemsItemItemHeader\">\r\n<div class=\"freebirdFormviewerViewItemsItemItemTitleContainer\">\r\n<div class=\"freebirdFormviewerViewItemsItemItemTitle\" dir=\"auto\" role=\"heading\" aria-level=\"2\" aria-describedby=\"i.desc.747584969\"><\/div>\r\n<div id=\"i.desc.747584969\" class=\"freebirdFormviewerViewItemsItemItemHelpText\" dir=\"auto\"><\/div>\r\n<\/div>\r\n<\/div>\r\n<div class=\"freebirdFormviewerViewItemsTextItemWrapper\">\r\n<div class=\"quantumWizTextinputPaperinputEl freebirdFormviewerViewItemsTextShortText freebirdFormviewerViewItemsTextEmail freebirdThemedInput\">\r\n<div class=\"quantumWizTextinputPaperinputMainContent exportContent\">\r\n<div class=\"quantumWizTextinputPaperinputContentArea\">\r\n<div class=\"quantumWizTextinputPaperinputInputArea\">\r\n\r\n<!-- [if IE ]>\r\n<p class=\"ie ie-only-label-for-google-email-input\">Enter Email<\/p>\r\n<![endif]-->\r\n<div class=\"google-form-input-wrapper-div\"><input id=\"home-header-google-email-input\" class=\"google-input google-email-input\" dir=\"auto\" tabindex=\"0\" autocomplete=\"off\" name=\"entry.602267174\" required=\"\" type=\"email\" value=\"\" placeholder=\"JOIN (enter email)\" aria-label=\"Email\" aria-describedby=\"i.desc.747584969 i.err.747584969\" data-initial-dir=\"auto\" data-initial-value=\"\" \/><\/div>\r\n<div class=\"quantumWizTextinputPaperinputPlaceholder exportLabel\"><\/div>\r\n<\/div>\r\n<div class=\"quantumWizTextinputPaperinputUnderline exportUnderline\"><\/div>\r\n<div class=\"quantumWizTextinputPaperinputFocusUnderline exportFocusUnderline\"><\/div>\r\n<\/div>\r\n<\/div>\r\n<div class=\"quantumWizTextinputPaperinputHint exportHint\"><\/div>\r\n<\/div>\r\n<\/div>\r\n<div class=\"freebirdFormviewerViewItemsItemGradingBox freebirdFormviewerViewItemsItemFeedbackBox\"><\/div>\r\n<div id=\"i.err.747584969\" class=\"freebirdFormviewerViewItemsItemErrorMessage\" role=\"alert\"><\/div>\r\n<\/div>\r\n<\/div>\r\n<div class=\"freebirdFormviewerViewNavigationNavControls\" data-shuffle-seed=\"-4894951697068975870\">\r\n<div class=\"freebirdFormviewerViewNavigationButtonsAndProgress\">\r\n<div class=\"freebirdFormviewerViewNavigationButtons\">\r\n<div class=\"quantumWizButtonPaperbuttonEl quantumWizButtonPaperbuttonFlat quantumWizButtonPaperbuttonDark quantumWizButtonPaperbutton2El2 freebirdFormviewerViewNavigationSubmitButton\" tabindex=\"0\" role=\"button\" aria-disabled=\"false\">\r\n<div class=\"quantumWizButtonPaperbuttonRipple exportInk\"><\/div>\r\n<div class=\"quantumWizButtonPaperbuttonFocusOverlay exportOverlay\"><\/div>\r\n<span class=\"quantumWizButtonPaperbuttonLabel exportLabel\"><input id=\"home-header-google-submit-input\" class=\"google-input google-submit-input\" type=\"submit\" value=\"\u2713\" \/>\r\n<\/span>\r\n\r\n<\/div>\r\n<div class=\"clearfix\"><\/div>\r\n<\/div>\r\n<\/div>\r\n<div class=\"freebirdFormviewerViewNavigationPasswordWarning\"><\/div>\r\n<\/div>\r\n<input name=\"fvv\" type=\"hidden\" value=\"1\" \/><input name=\"draftResponse\" type=\"hidden\" value=\"[,,\" \/><input name=\"pageHistory\" type=\"hidden\" value=\"0\" \/><input name=\"fbzx\" type=\"hidden\" value=\"-4894951697068975870\" \/>\r\n\r\n<\/div>\r\n<\/div>\r\n<\/form><\/div>\r\n\u00a0\r\n<p style=\"text-align: center;\">With your help, we can expand the possibilities for creating healthy work in the U.S.<\/p>\r\n<p style=\"text-align: center;\">[social media icons]<\/p>","_et_gb_content_width":"","footnotes":""},"class_list":["post-215354","page","type-page","status-publish","hentry"],"_links":{"self":[{"href":"https:\/\/www.healthywork.org\/pt\/wp-json\/wp\/v2\/pages\/215354","targetHints":{"allow":["GET"]}}],"collection":[{"href":"https:\/\/www.healthywork.org\/pt\/wp-json\/wp\/v2\/pages"}],"about":[{"href":"https:\/\/www.healthywork.org\/pt\/wp-json\/wp\/v2\/types\/page"}],"author":[{"embeddable":true,"href":"https:\/\/www.healthywork.org\/pt\/wp-json\/wp\/v2\/users\/2"}],"replies":[{"embeddable":true,"href":"https:\/\/www.healthywork.org\/pt\/wp-json\/wp\/v2\/comments?post=215354"}],"version-history":[{"count":10,"href":"https:\/\/www.healthywork.org\/pt\/wp-json\/wp\/v2\/pages\/215354\/revisions"}],"predecessor-version":[{"id":220685,"href":"https:\/\/www.healthywork.org\/pt\/wp-json\/wp\/v2\/pages\/215354\/revisions\/220685"}],"up":[{"embeddable":true,"href":"https:\/\/www.healthywork.org\/pt\/wp-json\/wp\/v2\/pages\/214604"}],"wp:attachment":[{"href":"https:\/\/www.healthywork.org\/pt\/wp-json\/wp\/v2\/media?parent=215354"}],"curies":[{"name":"wp","href":"https:\/\/api.w.org\/{rel}","templated":true}]}}