{"id":216077,"date":"2018-07-24T13:22:29","date_gmt":"2018-07-24T20:22:29","guid":{"rendered":"https:\/\/www.healthywork.org\/?page_id=216077"},"modified":"2019-03-01T15:40:41","modified_gmt":"2019-03-01T22:40:41","slug":"healthy-work-agenda","status":"publish","type":"page","link":"https:\/\/www.healthywork.org\/pt\/resources\/healthy-work-agenda\/","title":{"rendered":"Agenda de Trabalho Saud\u00e1vel"},"content":{"rendered":"<p><strong>A Agenda de Trabalho Saud\u00e1vel<\/strong> foi concebido para promover a compreens\u00e3o, discuss\u00f5es e a\u00e7\u00f5es que promovam o \u201ctrabalho saud\u00e1vel\u201d. (Ver <a href=\"https:\/\/www.healthywork.org\/pt\/resources\/principles-of-healthy-work\/\">Princ\u00edpios do Trabalho Saud\u00e1vel<\/a>.)<\/p>\n<p>Criada para apoiar a Campanha Trabalho Saud\u00e1vel, a Agenda \u00e9 <strong>um conjunto de a\u00e7\u00f5es <\/strong>para melhorar a qualidade dos empregos e promover o \u201ctrabalho saud\u00e1vel\u201d. Essas a\u00e7\u00f5es fazem parte de um esfor\u00e7o para incentivar \u201cpensar grande\u201d sobre o que \u00e9 necess\u00e1rio <strong>para criar trabalho saud\u00e1vel nos EUA<\/strong><\/p>\n<p>A Agenda pode iniciar uma conversa ou apoiar discuss\u00f5es ou atividades existentes. Indiv\u00edduos, empregadores, sindicatos e organiza\u00e7\u00f5es de trabalhadores podem apoiar apenas um ou v\u00e1rios itens de a\u00e7\u00e3o listados.<\/p>\n<div class=\"hw-tools-subheadline-container\">\n<h5><em>Voc\u00ea est\u00e1 procurando a\u00e7\u00f5es #healthywork como um indiv\u00edduo?<\/em><\/h5>\n<p><em>Confira nosso <a href=\"https:\/\/www.healthywork.org\/pt\/individuals\/healthy-work-agenda-individuals\/\">Agenda de Trabalho Saud\u00e1vel para Indiv\u00edduos<\/a> p\u00e1gina.<\/em><\/p>\n<h5><em>Voc\u00ea est\u00e1 procurando a\u00e7\u00f5es #healthywork como empregador?<\/em><\/h5>\n<p><em>Confira nosso <a href=\"https:\/\/www.healthywork.org\/pt\/employers\/healthy-work-agenda-employers\/\">Agenda de Trabalho Saud\u00e1vel para Empregadores<\/a> p\u00e1gina.<\/em><\/p>\n<h5><em>Voc\u00ea est\u00e1 procurando a\u00e7\u00f5es #healthywork como um sindicato ou defensor dos trabalhadores?<\/em><\/h5>\n<p><em>Confira nosso <a href=\"https:\/\/www.healthywork.org\/pt\/unions-worker-advocates\/healthy-work-agenda-unions\/\">Agenda de Trabalho Saud\u00e1vel para Sindicatos e Defensores dos Trabalhadores<\/a> p\u00e1gina.<\/em><\/p>\n<\/div>\n<p>Por favor, certifique-se de <a href=\"https:\/\/www.healthywork.org\/pt\/contact\/\">nos informe<\/a> como voc\u00ea o usou e o que aconteceu.<\/p>","protected":false},"excerpt":{"rendered":"<p>The Healthy Work Agenda is designed to promote understanding, discussions, and actions that advance \u201chealthy work.\u201d (See Principles of Healthy Work.) Created to support the Healthy Work Campaign, the Agenda is a set of actions to improve the quality of jobs and promote \u201chealthy work.\u201d Those actions are part of an effort to encourage \u201cthinking [&hellip;]<\/p>\n","protected":false},"author":2,"featured_media":0,"parent":70,"menu_order":0,"comment_status":"closed","ping_status":"closed","template":"","meta":{"_et_pb_use_builder":"","_et_pb_old_content":"","_et_gb_content_width":"","footnotes":""},"class_list":["post-216077","page","type-page","status-publish","hentry"],"_links":{"self":[{"href":"https:\/\/www.healthywork.org\/pt\/wp-json\/wp\/v2\/pages\/216077","targetHints":{"allow":["GET"]}}],"collection":[{"href":"https:\/\/www.healthywork.org\/pt\/wp-json\/wp\/v2\/pages"}],"about":[{"href":"https:\/\/www.healthywork.org\/pt\/wp-json\/wp\/v2\/types\/page"}],"author":[{"embeddable":true,"href":"https:\/\/www.healthywork.org\/pt\/wp-json\/wp\/v2\/users\/2"}],"replies":[{"embeddable":true,"href":"https:\/\/www.healthywork.org\/pt\/wp-json\/wp\/v2\/comments?post=216077"}],"version-history":[{"count":10,"href":"https:\/\/www.healthywork.org\/pt\/wp-json\/wp\/v2\/pages\/216077\/revisions"}],"predecessor-version":[{"id":220686,"href":"https:\/\/www.healthywork.org\/pt\/wp-json\/wp\/v2\/pages\/216077\/revisions\/220686"}],"up":[{"embeddable":true,"href":"https:\/\/www.healthywork.org\/pt\/wp-json\/wp\/v2\/pages\/70"}],"wp:attachment":[{"href":"https:\/\/www.healthywork.org\/pt\/wp-json\/wp\/v2\/media?parent=216077"}],"curies":[{"name":"wp","href":"https:\/\/api.w.org\/{rel}","templated":true}]}}