{"id":218908,"date":"2018-11-27T16:58:08","date_gmt":"2018-11-27T23:58:08","guid":{"rendered":"https:\/\/www.healthywork.org\/?page_id=218908"},"modified":"2021-05-24T10:56:55","modified_gmt":"2021-05-24T17:56:55","slug":"unions-worker-advocates","status":"publish","type":"page","link":"https:\/\/www.healthywork.org\/pt\/unions-worker-advocates\/","title":{"rendered":"Sindicatos e defensores dos trabalhadores"},"content":{"rendered":"<p>Proteger e lutar pela sa\u00fade e seguran\u00e7a dos trabalhadores \u00e9 um princ\u00edpio fundamental do movimento trabalhista e de outros grupos de defesa dos trabalhadores.<\/p>\n<p><strong>trabalho saud\u00e1vel<\/strong> \u00e9 a luta por empregos de qualidade, justos, respeitosos e que tamb\u00e9m eliminem os efeitos nocivos das fontes de estresse no trabalho (estressores do trabalho). Trata-se de criar um trabalho que seja fisicamente, psicologicamente e socialmente saud\u00e1vel.<\/p>\n<div class=\"text-highlight-green\" style=\"margin-bottom: 0;\"><em><b>Voc\u00ea sabia?<\/b><\/em>\u00a0 Mais de 120.000 mortes por ano est\u00e3o associadas \u00e0 forma como as empresas americanas gerenciam os trabalhadores.<sup><a href=\"#reference-1\">1<\/a><\/sup><\/div>\n<p><strong>N\u00f3s sabemos <\/strong>de mais de 40 anos de pesquisa cient\u00edfica que fontes de estresse da forma como o trabalho \u00e9 organizado (<a href=\"https:\/\/unhealthywork.org\/category\/workplace-stressors\/\" target=\"_blank\" rel=\"noopener noreferrer\">estressores psicossociais relacionados ao trabalho<\/a>) contribuem para aumentar o risco de les\u00f5es, esgotamento e depress\u00e3o, bem como press\u00e3o alta e doen\u00e7as card\u00edacas. (Ver <a href=\"https:\/\/www.healthywork.org\/pt\/resources\/principles-of-healthy-work\/\">Princ\u00edpios do Trabalho Saud\u00e1vel<\/a> aprender mais.)<\/p>\n<p>Embora nem todos os sindicatos e defensores dos trabalhadores tenham considerado diretamente as quest\u00f5es de \u201cestresse no trabalho\u201d e \u201ctrabalho insalubre\u201d, os sindicatos se dedicam a exigir cargas de trabalho gerenci\u00e1veis (demandas de trabalho), dando voz aos trabalhadores (controle do trabalho), lutando por horas extras pagas ou limites para horas de trabalho (longas horas de trabalho), equil\u00edbrio entre vida profissional e pessoal (por exemplo, provis\u00f5es de licen\u00e7a m\u00e9dica\/fam\u00edlia e tempo de f\u00e9rias), procedimentos de reclama\u00e7\u00e3o e antig\u00fcidade\/promo\u00e7\u00f5es (justi\u00e7a organizacional), cl\u00e1usulas contratuais anti-bullying, discrimina\u00e7\u00e3o e ass\u00e9dio sexual e cl\u00e1usulas ocupacionais sa\u00fade e seguran\u00e7a.<strong>\u00a0<\/strong><\/p>\n<h4>Trabalho Saud\u00e1vel e \u201cSa\u00fade e Seguran\u00e7a\u201d<\/h4>\n<p>A hist\u00f3ria nos diz que as condi\u00e7\u00f5es de trabalho s\u00f3 come\u00e7am a melhorar depois que os trabalhadores se unem por meio de protestos, manifesta\u00e7\u00f5es ou greves e se associam a sindicatos. Com o apoio de defensores da sa\u00fade p\u00fablica e outros, os trabalhadores e seus sindicatos exigiram normas e regulamentos de sa\u00fade e seguran\u00e7a para proteg\u00ea-los de condi\u00e7\u00f5es insalubres, como produtos qu\u00edmicos t\u00f3xicos no trabalho (por exemplo, p\u00f3 de carv\u00e3o, benzeno, amianto) e instala\u00e7\u00f5es e equipamentos inseguros. Uma longa campanha por locais de trabalho mais saud\u00e1veis acabou levando \u00e0 aprova\u00e7\u00e3o da Lei dos Estados Unidos\u00a0<em>Lei de Sa\u00fade e Seguran\u00e7a Ocupacional<\/em>\u00a0(OSHA) em 1970.<\/p>\n<p>As quest\u00f5es de sa\u00fade e seguran\u00e7a continuam sendo uma grande preocupa\u00e7\u00e3o para os sindicatos e trabalhadores em geral, devido \u00e0 aplica\u00e7\u00e3o insuficiente da OSHA, j\u00e1 que os empregadores frequentemente ignoram os requisitos m\u00ednimos da lei. Muitos trabalhadores ainda enfrentam les\u00f5es e doen\u00e7as evit\u00e1veis. Outras \u201ccausas b\u00e1sicas\u201d muitas vezes invis\u00edveis, como estressores do trabalho (o \u201cambiente de trabalho psicossocial\u201d), podem aumentar o risco de les\u00f5es e doen\u00e7as cr\u00f4nicas. (Ver\u00a0<a href=\"https:\/\/www.healthywork.org\/pt\/resources\/statistics-infographs\/\">Estat\u00edsticas a saber<\/a>\u00a0aprender mais.)<\/p>\n<p>Os sindicatos podem ser mais eficazes na prote\u00e7\u00e3o da sa\u00fade e seguran\u00e7a de seus membros, trabalhando para reduzir e prevenir os estressores do trabalho que podem prejudicar a sa\u00fade mental e f\u00edsica de seus membros. Muitos sindicatos j\u00e1 est\u00e3o lidando com quest\u00f5es que afetam o trabalho #healthy, incluindo intensifica\u00e7\u00e3o do trabalho (geralmente resultado de falta de pessoal, demiss\u00f5es ou pr\u00e1ticas de \u201ctrabalho enxuto\u201d), \u201ctens\u00e3o no trabalho\u201d (altas demandas, baixo controle, pouco apoio), longas horas de trabalho, turnos trabalho, trabalho \u201cprec\u00e1rio\u201d (emprego fora do padr\u00e3o, trabalho tempor\u00e1rio), intimida\u00e7\u00e3o, discrimina\u00e7\u00e3o e ass\u00e9dio sexual, e o respeito e a dignidade que todas as pessoas merecem, independentemente do trabalho que tenham.<\/p>\n<h4>Recursos de Trabalho Saud\u00e1vel<\/h4>\n<p><strong>A Campanha do Trabalho Saud\u00e1vel<\/strong> (HWC) est\u00e1 empenhada em compartilhar com os trabalhadores, seus sindicatos ou outros grupos de defesa dos trabalhadores, o que aprendemos sobre <a href=\"https:\/\/www.healthywork.org\/pt\/resources\/principles-of-healthy-work\/\">trabalho saud\u00e1vel e insalubre<\/a> (e <a href=\"https:\/\/www.healthywork.org\/pt\/resources\/statistics-infographs\/\">seus custos<\/a>), bem como propor solu\u00e7\u00f5es.<\/p>\n<p><img decoding=\"async\" style=\"width: 100%; max-width: 350px; float: left; margin-right: 20px; margin-bottom: 20px;\" src=\"\/wp-content\/uploads\/2018\/12\/nyu-langone-brooklyn-union-meeting.jpg\" \/><\/p>\n<p>Enquanto o trabalho continua a luta para defender melhores condi\u00e7\u00f5es de trabalho, igualdade econ\u00f4mica e social para trabalhadores e fam\u00edlias, o HWC est\u00e1 fornecendo aos sindicatos e <a href=\"https:\/\/www.healthywork.org\/pt\/unions-worker-advocates\/healthy-work-survey-unions\/\">outro<\/a> grupos de trabalhadores com ferramentas e recursos, incluindo uma Pesquisa de Trabalho Saud\u00e1vel (HWS) (em desenvolvimento) para identificar os estressores de trabalho que podem estar afetando os trabalhadores que voc\u00ea representa, bem como um <a href=\"https:\/\/www.healthywork.org\/pt\/unions-worker-advocates\/healthy-work-tools-unions\/\">kit de ferramentas<\/a> de recursos e interven\u00e7\u00f5es, incluindo linguagem de negocia\u00e7\u00e3o coletiva e exemplos de como promover o trabalho saud\u00e1vel por meio de comit\u00eas de gest\u00e3o de trabalho ou legisla\u00e7\u00e3o.<\/p>\n<p>Estamos buscando colaborar com sindicatos e outros grupos de defesa dos trabalhadores para encaminhar o movimento #healthywork for all.<\/p>\n<p>veja nosso <a href=\"https:\/\/www.healthywork.org\/pt\/mission\/\">MISS\u00c3O<\/a> p\u00e1gina para obter a hist\u00f3ria por tr\u00e1s do nosso compromisso com o trabalho saud\u00e1vel e os recursos abaixo para FAZER A DIFEREN\u00c7A para a sa\u00fade e o bem-estar dos trabalhadores.<\/p>\n<div class=\"ind-emp-union-overview-question-section-container\">\n<h4>O que \u00e9 trabalho saud\u00e1vel?<\/h4>\n<p>Use nosso <a href=\"https:\/\/www.healthywork.org\/pt\/resources\/principles-of-healthy-work\/\"><strong>Princ\u00edpios do Trabalho Saud\u00e1vel<\/strong><\/a> &amp; levar a <a href=\"\/pt\/unions-worker-advocates\/healthy-work-survey-unions\/\"><strong>Pesquisa de Trabalho Saud\u00e1vel<\/strong><\/a> descobrir.<\/p>\n<h4>Como podemos abordar o trabalho insalubre?<\/h4>\n<p>Use nosso <a href=\"https:\/\/www.healthywork.org\/pt\/unions-worker-advocates\/healthy-work-tools-unions\/\"><strong>Ferramentas de Trabalho Saud\u00e1veis<\/strong><\/a> &amp; <a href=\"https:\/\/www.healthywork.org\/pt\/employers\/get-feedback\/\"><strong>Obter feedback<\/strong><\/a>.<\/p>\n<h4>Como podemos fazer mais?<\/h4>\n<p><a href=\"https:\/\/www.healthywork.org\/pt\/take-action\/join-the-movement\/\"><strong>Junte-se ao Movimento<\/strong><\/a><\/p>\n<p><a href=\"https:\/\/www.healthywork.org\/pt\/take-action\/pledge\/\"><strong>Assine o compromisso<\/strong><\/a><\/p>\n<p><a href=\"https:\/\/www.healthywork.org\/pt\/take-action\/partner\/\"><strong>Torne-se um parceiro<\/strong><\/a><\/p>\n<p><a href=\"https:\/\/www.healthywork.org\/pt\/take-action\/advocate\/\"><strong>Defensor do Trabalho Saud\u00e1vel<\/strong><\/a><\/p>\n<h4>Obrigado!<\/h4>\n<\/div>\n<p>&nbsp;<\/p>\n<p id=\"reference-1\" class=\"bottom-of-page-reference\">1. Goh, Pfeffer e Zenios. \u201cA rela\u00e7\u00e3o entre estressores no local de trabalho e mortalidade e custos de sa\u00fade nos Estados Unidos.\u201d Ci\u00eancia da Administra\u00e7\u00e3o, 2015<\/p>","protected":false},"excerpt":{"rendered":"<p>Protecting and fighting for the health and safety of working people is a fundamental principle of the labor movement and other worker advocacy groups. Healthy Work is the struggle for quality jobs that are fair, respectful and that also eliminate the harmful effects of sources of stress at work (work stressors). It is about creating [&hellip;]<\/p>\n","protected":false},"author":2,"featured_media":0,"parent":0,"menu_order":0,"comment_status":"closed","ping_status":"closed","template":"","meta":{"_et_pb_use_builder":"","_et_pb_old_content":"","_et_gb_content_width":"","footnotes":""},"class_list":["post-218908","page","type-page","status-publish","hentry"],"_links":{"self":[{"href":"https:\/\/www.healthywork.org\/pt\/wp-json\/wp\/v2\/pages\/218908","targetHints":{"allow":["GET"]}}],"collection":[{"href":"https:\/\/www.healthywork.org\/pt\/wp-json\/wp\/v2\/pages"}],"about":[{"href":"https:\/\/www.healthywork.org\/pt\/wp-json\/wp\/v2\/types\/page"}],"author":[{"embeddable":true,"href":"https:\/\/www.healthywork.org\/pt\/wp-json\/wp\/v2\/users\/2"}],"replies":[{"embeddable":true,"href":"https:\/\/www.healthywork.org\/pt\/wp-json\/wp\/v2\/comments?post=218908"}],"version-history":[{"count":10,"href":"https:\/\/www.healthywork.org\/pt\/wp-json\/wp\/v2\/pages\/218908\/revisions"}],"predecessor-version":[{"id":222869,"href":"https:\/\/www.healthywork.org\/pt\/wp-json\/wp\/v2\/pages\/218908\/revisions\/222869"}],"wp:attachment":[{"href":"https:\/\/www.healthywork.org\/pt\/wp-json\/wp\/v2\/media?parent=218908"}],"curies":[{"name":"wp","href":"https:\/\/api.w.org\/{rel}","templated":true}]}}