{"id":218912,"date":"2018-11-27T17:23:15","date_gmt":"2018-11-28T00:23:15","guid":{"rendered":"https:\/\/www.healthywork.org\/?page_id=218912"},"modified":"2018-12-10T21:34:08","modified_gmt":"2018-12-11T04:34:08","slug":"healthy-work-tools","status":"publish","type":"page","link":"https:\/\/www.healthywork.org\/pt\/resources\/healthy-work-tools\/","title":{"rendered":"Ferramentas de Trabalho Saud\u00e1veis"},"content":{"rendered":"<p>Se voc\u00ea descobriu que tem um trabalho insalubre ou apenas deseja obter mais informa\u00e7\u00f5es sobre como construir um local de trabalho saud\u00e1vel e sustent\u00e1vel, temos boas not\u00edcias.<\/p>\n<p>N\u00f3s criamos<strong> Ferramentas de Trabalho Saud\u00e1veis <\/strong>para fornecer recursos e recomenda\u00e7\u00f5es sobre mudan\u00e7a organizacional de especialistas na \u00e1rea de estresse no trabalho. Eles s\u00e3o projetados para ajud\u00e1-lo <strong>tomar medidas para lidar com os estressores do trabalho<\/strong> que podem deixar voc\u00ea, seus colegas ou funcion\u00e1rios doentes, menos produtivos ou prejudicar os resultados de sua organiza\u00e7\u00e3o.<\/p>\n<p>Criamos p\u00e1ginas de ferramentas para atender \u00e0s diferentes necessidades de indiv\u00edduos, empregadores e sindicatos\/defensores dos trabalhadores.<\/p>\n<div class=\"hw-tools-subheadline-container\">\n<h5><em>Voc\u00ea est\u00e1 procurando solu\u00e7\u00f5es #healthywork como indiv\u00edduo?<\/em><\/h5>\n<p><em>Confira nosso <a href=\"https:\/\/www.healthywork.org\/pt\/individuals\/healthy-work-tools-individuals\/\">Ferramentas de trabalho saud\u00e1veis para indiv\u00edduos<\/a> p\u00e1gina.<\/em><\/p>\n<h5><em>Voc\u00ea est\u00e1 procurando solu\u00e7\u00f5es #healthywork como empregador?<\/em><\/h5>\n<p><em>Confira nosso <a href=\"https:\/\/www.healthywork.org\/pt\/employers\/healthy-work-tools-employers\/\">Ferramentas de trabalho saud\u00e1veis para empregadores<\/a> p\u00e1gina.<\/em><\/p>\n<h5><em>Voc\u00ea est\u00e1 procurando solu\u00e7\u00f5es #healthywork como um sindicato ou defensor dos trabalhadores?<\/em><\/h5>\n<p><em>Confira nosso <a href=\"https:\/\/www.healthywork.org\/pt\/unions-worker-advocates\/healthy-work-tools-unions\/\">Ferramentas de trabalho saud\u00e1vel para sindicatos e defensores dos trabalhadores<\/a> p\u00e1gina.<\/em>\n<\/div>\n<p>Por favor, certifique-se de <a href=\"https:\/\/www.healthywork.org\/pt\/contact\/\">nos informe<\/a> como voc\u00ea o usou e o que aconteceu.<\/p>","protected":false},"excerpt":{"rendered":"<p>If you have discovered you have unhealthy work or just want more information on how to build a healthy, sustainable workplace, we have good news. We created Healthy Work Tools to give you resources for and recommendations about organizational change from experts in the field of work stress. They\u2019re designed to help you take action [&hellip;]<\/p>\n","protected":false},"author":2,"featured_media":0,"parent":70,"menu_order":0,"comment_status":"closed","ping_status":"closed","template":"","meta":{"_et_pb_use_builder":"","_et_pb_old_content":"","_et_gb_content_width":"","footnotes":""},"class_list":["post-218912","page","type-page","status-publish","hentry"],"_links":{"self":[{"href":"https:\/\/www.healthywork.org\/pt\/wp-json\/wp\/v2\/pages\/218912","targetHints":{"allow":["GET"]}}],"collection":[{"href":"https:\/\/www.healthywork.org\/pt\/wp-json\/wp\/v2\/pages"}],"about":[{"href":"https:\/\/www.healthywork.org\/pt\/wp-json\/wp\/v2\/types\/page"}],"author":[{"embeddable":true,"href":"https:\/\/www.healthywork.org\/pt\/wp-json\/wp\/v2\/users\/2"}],"replies":[{"embeddable":true,"href":"https:\/\/www.healthywork.org\/pt\/wp-json\/wp\/v2\/comments?post=218912"}],"version-history":[{"count":5,"href":"https:\/\/www.healthywork.org\/pt\/wp-json\/wp\/v2\/pages\/218912\/revisions"}],"predecessor-version":[{"id":219728,"href":"https:\/\/www.healthywork.org\/pt\/wp-json\/wp\/v2\/pages\/218912\/revisions\/219728"}],"up":[{"embeddable":true,"href":"https:\/\/www.healthywork.org\/pt\/wp-json\/wp\/v2\/pages\/70"}],"wp:attachment":[{"href":"https:\/\/www.healthywork.org\/pt\/wp-json\/wp\/v2\/media?parent=218912"}],"curies":[{"name":"wp","href":"https:\/\/api.w.org\/{rel}","templated":true}]}}