{"id":221015,"date":"2019-09-24T16:05:56","date_gmt":"2019-09-24T23:05:56","guid":{"rendered":"https:\/\/www.healthywork.org\/?page_id=221015"},"modified":"2019-10-03T14:54:17","modified_gmt":"2019-10-03T21:54:17","slug":"healthy-work-survey","status":"publish","type":"page","link":"https:\/\/www.healthywork.org\/pt\/healthy-work-survey\/","title":{"rendered":"Pesquisa de Trabalho Saud\u00e1vel"},"content":{"rendered":"<p>Se voc\u00ea deseja descobrir se est\u00e1 ou n\u00e3o exposto a fontes de estresse no trabalho (<a href=\"\/pt\/resources\/principles-of-healthy-work\/\">estressores de trabalho<\/a>) e em que grau, voc\u00ea est\u00e1 no lugar certo.<\/p>\n<p>Nosso<strong> Pesquisa de Trabalho Saud\u00e1vel<\/strong> as p\u00e1ginas s\u00e3o projetadas para ajud\u00e1-lo <strong>tomar medidas para avaliar os estressores do trabalho<\/strong> que podem deixar voc\u00ea, seus colegas ou funcion\u00e1rios doentes, menos produtivos ou prejudicar os resultados de sua organiza\u00e7\u00e3o.<\/p>\n<p>Cada uma de nossas p\u00e1ginas de pesquisa abaixo foi projetada para atender \u00e0s necessidades distintas de indiv\u00edduos, empregadores e sindicatos\/defensores dos trabalhadores.<\/p>\n<p><strong><em>Voc\u00ea est\u00e1 procurando uma pesquisa #healthywork como indiv\u00edduo?<br \/>\n<\/em><\/strong>Confira nosso <a href=\"https:\/\/www.healthywork.org\/pt\/individuals\/healthy-work-survey-individuals\/\">Pesquisa de Trabalho Saud\u00e1vel para Indiv\u00edduos<\/a> p\u00e1gina.<\/p>\n<p><strong><em>Voc\u00ea est\u00e1 procurando uma pesquisa #healthywork como empregador?<br \/>\n<\/em><\/strong>Confira nosso <a href=\"https:\/\/www.healthywork.org\/pt\/employers\/healthy-work-survey-employers\/\">Pesquisa de Trabalho Saud\u00e1vel para Empregadores<\/a> p\u00e1gina.<\/p>\n<p><strong><em>Voc\u00ea est\u00e1 procurando uma pesquisa #healthywork como um sindicato ou defensor dos trabalhadores?<br \/>\n<\/em><\/strong>Confira nosso <a href=\"https:\/\/www.healthywork.org\/pt\/unions-worker-advocates\/healthy-work-survey-unions\/\">Pesquisa de Trabalho Saud\u00e1vel para Sindicatos e Defensores dos Trabalhadores<\/a> p\u00e1gina.<\/p>\n<p>Certifique-se de nos informar como voc\u00ea o usou e o que aconteceu.<\/p>","protected":false},"excerpt":{"rendered":"<p>If you want to find out whether or not you are exposed to sources of stress at work (work stressors) and to what degree, you\u2019re in the right place. Our Healthy Work Survey pages are designed to help you take action to assess work stressors that could make you, your colleagues or your employees ill, [&hellip;]<\/p>\n","protected":false},"author":2,"featured_media":0,"parent":0,"menu_order":0,"comment_status":"closed","ping_status":"closed","template":"","meta":{"_et_pb_use_builder":"","_et_pb_old_content":"","_et_gb_content_width":"","footnotes":""},"class_list":["post-221015","page","type-page","status-publish","hentry"],"_links":{"self":[{"href":"https:\/\/www.healthywork.org\/pt\/wp-json\/wp\/v2\/pages\/221015","targetHints":{"allow":["GET"]}}],"collection":[{"href":"https:\/\/www.healthywork.org\/pt\/wp-json\/wp\/v2\/pages"}],"about":[{"href":"https:\/\/www.healthywork.org\/pt\/wp-json\/wp\/v2\/types\/page"}],"author":[{"embeddable":true,"href":"https:\/\/www.healthywork.org\/pt\/wp-json\/wp\/v2\/users\/2"}],"replies":[{"embeddable":true,"href":"https:\/\/www.healthywork.org\/pt\/wp-json\/wp\/v2\/comments?post=221015"}],"version-history":[{"count":3,"href":"https:\/\/www.healthywork.org\/pt\/wp-json\/wp\/v2\/pages\/221015\/revisions"}],"predecessor-version":[{"id":221097,"href":"https:\/\/www.healthywork.org\/pt\/wp-json\/wp\/v2\/pages\/221015\/revisions\/221097"}],"wp:attachment":[{"href":"https:\/\/www.healthywork.org\/pt\/wp-json\/wp\/v2\/media?parent=221015"}],"curies":[{"name":"wp","href":"https:\/\/api.w.org\/{rel}","templated":true}]}}